{"id":1599,"date":"2025-10-20T14:56:33","date_gmt":"2025-10-20T14:56:33","guid":{"rendered":"https:\/\/touchpointgcc.com\/product\/touchpoints-for-sleep\/"},"modified":"2025-11-18T12:32:46","modified_gmt":"2025-11-18T12:32:46","slug":"touchpoints-for-sleep","status":"publish","type":"product","link":"https:\/\/touchpointgcc.com\/tr\/urun\/touchpoints-for-sleep\/","title":{"rendered":"Uyku i\u00e7in TouchPoints"},"content":{"rendered":"<p data-start=\"27\" data-end=\"46\"><strong data-start=\"27\" data-end=\"46\">FSA \/ HSA UYGUN<\/strong><\/p>\n<p data-start=\"48\" data-end=\"297\">Uyku i\u00e7in TouchPoints, en yayg\u0131n iki uyku sorununa yard\u0131mc\u0131 olur \u2014 gece uykuya dalmakta zorluk ve sabaha kar\u015f\u0131 saat 2\u2019de uyan\u0131p tekrar uyuyamama. TouchPoints, sizi saniyeler i\u00e7inde sakin ve uyku moduna ge\u00e7iren nazik, alternatif titre\u015fimler kullan\u0131r.<\/p>\n<p data-start=\"299\" data-end=\"442\">Vaka \u00e7al\u0131\u015fmalar\u0131, TouchPoints\u2019in 15 dakika i\u00e7inde uykuya ge\u00e7meye yard\u0131mc\u0131 oldu\u011funu ve gece ortas\u0131nda uyan\u0131kl\u0131\u011f\u0131 %80 azaltt\u0131\u011f\u0131n\u0131 g\u00f6stermektedir.<\/p>\n<p data-start=\"444\" data-end=\"714\">*FSA\/HSA sa\u011flay\u0131c\u0131s\u0131, TouchPoints for Sleep\u2019i re\u00e7etesiz uyku yard\u0131mc\u0131s\u0131 olarak sat\u0131n almak i\u00e7in t\u0131bbi gereklilik mektubu talep edebilir. Sorular\u0131n\u0131z i\u00e7in l\u00fctfen <a class=\"decorated-link cursor-pointer\" rel=\"noopener\" data-start=\"605\" data-end=\"678\">hello@thetouchpointsolution.com<\/a> adresinden bizimle ileti\u015fime ge\u00e7in.<\/p>\n<hr data-start=\"716\" data-end=\"719\" \/>\n<p data-start=\"721\" data-end=\"738\"><strong data-start=\"721\" data-end=\"738\">PAKET \u0130\u00c7ER\u0130\u011e\u0130<\/strong><\/p>\n<ul data-start=\"740\" data-end=\"846\">\n<li data-start=\"740\" data-end=\"765\">\n<p data-start=\"742\" data-end=\"765\">TouchPoint cihaz seti<\/p>\n<\/li>\n<li data-start=\"766\" data-end=\"794\">\n<p data-start=\"768\" data-end=\"794\">Fermuarl\u0131 sweatband seti<\/p>\n<\/li>\n<li data-start=\"795\" data-end=\"821\">\n<p data-start=\"797\" data-end=\"821\">\u00c7ift u\u00e7lu \u015farj kablosu<\/p>\n<\/li>\n<li data-start=\"822\" data-end=\"846\">\n<p data-start=\"824\" data-end=\"846\">\u00dccretsiz dan\u0131\u015fmanl\u0131k<\/p>\n<\/li>\n<\/ul>\n<hr data-start=\"848\" data-end=\"851\" \/>\n<p data-start=\"853\" data-end=\"1435\"><strong data-start=\"853\" data-end=\"873\">NASIL KULLANILIR<\/strong><br data-start=\"873\" data-end=\"876\" \/>Uykuya dalmakta zorlan\u0131yorsan\u0131z, TouchPoints\u2019i dahil edilen fermuarl\u0131 sweatband\u2019lerin i\u00e7ine yerle\u015ftirin ve bileklerinize veya ayak bileklerinize 30 dakika \u00f6ncesinden tak\u0131n. Uyu\u015fukluk hissetmeye ba\u015flad\u0131\u011f\u0131n\u0131zda TouchPoints\u2019i kapat\u0131n ve huzurlu bir uykuya dal\u0131n. TouchPoints for Sleep, <strong data-start=\"1159\" data-end=\"1196\">30 dakikal\u0131k dahili zamanlay\u0131c\u0131ya<\/strong> sahiptir; bu sayede uyumadan \u00f6nce kapatma konusunda endi\u015felenmenize gerek yoktur. Gece ortas\u0131nda uyan\u0131p tekrar uyuyam\u0131yorsan\u0131z, TouchPoints\u2019i sweatband\u2019lere yerle\u015ftirin ve bilek veya ayak bileklerine takarak huzurlu bir uykuya geri d\u00f6n\u00fcn.<\/p>\n<hr data-start=\"1437\" data-end=\"1440\" \/>\n<p data-start=\"1442\" data-end=\"1611\"><strong data-start=\"1442\" data-end=\"1466\">\u00dcCRETS\u0130Z DANI\u015eMANLIK<\/strong><br data-start=\"1466\" data-end=\"1469\" \/>TouchPoints for Sleep\u2019ten en iyi \u015fekilde faydalanman\u0131z i\u00e7in, sat\u0131n al\u0131m\u0131n\u0131za <strong data-start=\"1546\" data-end=\"1576\">TouchPoints Deneyim Uzman\u0131<\/strong> ile \u00fccretsiz dan\u0131\u015fmanl\u0131k dahildir.<\/p>\n<hr data-start=\"1613\" data-end=\"1616\" \/>\n<p data-start=\"1618\" data-end=\"1780\"><strong data-start=\"1618\" data-end=\"1637\">\u00d6NEML\u0130 B\u0130LG\u0130LER<\/strong><br data-start=\"1637\" data-end=\"1640\" \/>TouchPoints, n\u00f6robilim temelli genel sa\u011fl\u0131k cihazlar\u0131d\u0131r. T\u0131bbi tedavinin yerine ge\u00e7mez ve herhangi bir hastal\u0131\u011f\u0131 tedavi etme amac\u0131 ta\u015f\u0131maz.<\/p>\n<p data-start=\"1782\" data-end=\"1890\" data-is-last-node=\"\" data-is-only-node=\"\">*Bu \u00fcr\u00fcn <strong data-start=\"1791\" data-end=\"1822\">yeniden sat\u0131\u015f i\u00e7in de\u011fildir<\/strong>. Uluslararas\u0131 sipari\u015flerde g\u00fcmr\u00fck ve vergi \u00fccretleri uygulanabilir.<\/p>\n","protected":false},"excerpt":{"rendered":"<p>FSA \/ HSA UYGUN Uyku i\u00e7in TouchPoints, en yayg\u0131n iki uyku sorununa yard\u0131mc\u0131 olur \u2014 gece uykuya dalmakta zorluk ve sabaha kar\u015f\u0131 saat 2\u2019de uyan\u0131p tekrar uyuyamama. TouchPoints, sizi saniyeler i\u00e7inde sakin ve uyku moduna ge\u00e7iren nazik, alternatif titre\u015fimler kullan\u0131r. Vaka \u00e7al\u0131\u015fmalar\u0131, TouchPoints\u2019in 15 dakika i\u00e7inde uykuya ge\u00e7meye yard\u0131mc\u0131 oldu\u011funu ve gece ortas\u0131nda uyan\u0131kl\u0131\u011f\u0131 %80 [&hellip;]<\/p>\n","protected":false},"featured_media":1600,"comment_status":"open","ping_status":"closed","template":"","meta":[],"product_brand":[],"product_cat":[47],"product_tag":[],"class_list":{"0":"post-1599","1":"product","2":"type-product","3":"status-publish","4":"has-post-thumbnail","6":"product_cat-sleep","8":"first","9":"instock","10":"taxable","11":"shipping-taxable","12":"purchasable","13":"product-type-simple"},"_links":{"self":[{"href":"https:\/\/touchpointgcc.com\/tr\/wp-json\/wp\/v2\/product\/1599","targetHints":{"allow":["GET"]}}],"collection":[{"href":"https:\/\/touchpointgcc.com\/tr\/wp-json\/wp\/v2\/product"}],"about":[{"href":"https:\/\/touchpointgcc.com\/tr\/wp-json\/wp\/v2\/types\/product"}],"replies":[{"embeddable":true,"href":"https:\/\/touchpointgcc.com\/tr\/wp-json\/wp\/v2\/comments?post=1599"}],"wp:featuredmedia":[{"embeddable":true,"href":"https:\/\/touchpointgcc.com\/tr\/wp-json\/wp\/v2\/media\/1600"}],"wp:attachment":[{"href":"https:\/\/touchpointgcc.com\/tr\/wp-json\/wp\/v2\/media?parent=1599"}],"wp:term":[{"taxonomy":"product_brand","embeddable":true,"href":"https:\/\/touchpointgcc.com\/tr\/wp-json\/wp\/v2\/product_brand?post=1599"},{"taxonomy":"product_cat","embeddable":true,"href":"https:\/\/touchpointgcc.com\/tr\/wp-json\/wp\/v2\/product_cat?post=1599"},{"taxonomy":"product_tag","embeddable":true,"href":"https:\/\/touchpointgcc.com\/tr\/wp-json\/wp\/v2\/product_tag?post=1599"}],"curies":[{"name":"wp","href":"https:\/\/api.w.org\/{rel}","templated":true}]}}