{"id":1597,"date":"2025-10-20T15:00:21","date_gmt":"2025-10-20T15:00:21","guid":{"rendered":"https:\/\/touchpointgcc.com\/product\/touchpoints-essentials\/"},"modified":"2025-11-18T12:31:16","modified_gmt":"2025-11-18T12:31:16","slug":"touchpoints-essentials","status":"publish","type":"product","link":"https:\/\/touchpointgcc.com\/tr\/urun\/touchpoints-essentials\/","title":{"rendered":"TouchPoints Essentials"},"content":{"rendered":"<p data-start=\"30\" data-end=\"294\">TouchPoints, stresin olumsuz etkilerini \u00f6nemli \u00f6l\u00e7\u00fcde azaltarak zihinsel sa\u011fl\u0131\u011f\u0131 iyile\u015ftiren patentli giyilebilir cihazlard\u0131r. TouchPoints\u2019in <strong data-start=\"172\" data-end=\"192\">stresi azaltt\u0131\u011f\u0131<\/strong>, <strong data-start=\"194\" data-end=\"219\">odaklanmay\u0131 art\u0131rd\u0131\u011f\u0131<\/strong>, <strong data-start=\"221\" data-end=\"245\">uykuyu iyile\u015ftirdi\u011fi<\/strong> ve <strong data-start=\"249\" data-end=\"276\">performans\u0131 y\u00fckseltti\u011fi<\/strong> kan\u0131tlanm\u0131\u015ft\u0131r.<\/p>\n<hr data-start=\"296\" data-end=\"299\" \/>\n<p data-start=\"301\" data-end=\"320\"><strong data-start=\"301\" data-end=\"318\">PAKET \u0130\u00c7ER\u0130\u011e\u0130<\/strong><\/p>\n<ul data-start=\"321\" data-end=\"425\">\n<li data-start=\"321\" data-end=\"346\">\n<p data-start=\"323\" data-end=\"346\">TouchPoint cihaz seti<\/p>\n<\/li>\n<li data-start=\"347\" data-end=\"373\">\n<p data-start=\"349\" data-end=\"373\">K\u0131yafet klipsleri seti<\/p>\n<\/li>\n<li data-start=\"374\" data-end=\"400\">\n<p data-start=\"376\" data-end=\"400\">\u00c7ift u\u00e7lu \u015farj kablosu<\/p>\n<\/li>\n<li data-start=\"401\" data-end=\"425\">\n<p data-start=\"403\" data-end=\"425\">\u00dccretsiz dan\u0131\u015fmanl\u0131k<\/p>\n<\/li>\n<\/ul>\n<hr data-start=\"427\" data-end=\"430\" \/>\n<p data-start=\"432\" data-end=\"723\"><strong data-start=\"432\" data-end=\"452\">NASIL KULLANILIR<\/strong><br data-start=\"452\" data-end=\"455\" \/>Stres hissetmeye ba\u015flad\u0131\u011f\u0131n\u0131zda, TouchPoints\u2019i v\u00fccudunuzun iki yan\u0131na yerle\u015ftirin \u2014 kay\u0131\u015flar, \u00e7oraplar, cepler veya avu\u00e7 i\u00e7inde tutabilirsiniz. TouchPoints, sizi sakinle\u015ftiren titre\u015fimler g\u00f6nderir; odaklanmay\u0131 art\u0131r\u0131r, uykuya yard\u0131mc\u0131 olur ve performans\u0131 geli\u015ftirir.<\/p>\n<p data-start=\"725\" data-end=\"1017\">TouchPoints\u2019in \u00fc\u00e7 h\u0131z ayar\u0131 vard\u0131r: yava\u015f, orta ve h\u0131zl\u0131; rahat\u0131n\u0131za g\u00f6re ayarlanabilir. Titre\u015fim sesi cep telefonunun titre\u015fim sesi gibidir. Ses dikkat da\u011f\u0131t\u0131c\u0131 olursa, TouchPoints\u2019i ceplere veya \u00e7oraplara yerle\u015ftirin ya da <strong data-start=\"950\" data-end=\"982\">fermuarl\u0131 sweatband\u2019lerimizi<\/strong> kullan\u0131n (paket dahil de\u011fildir).<\/p>\n<hr data-start=\"1019\" data-end=\"1022\" \/>\n<p data-start=\"1024\" data-end=\"1185\"><strong data-start=\"1024\" data-end=\"1048\">\u00dcCRETS\u0130Z DANI\u015eMANLIK<\/strong><br data-start=\"1048\" data-end=\"1051\" \/>TouchPoints\u2019ten en iyi \u015fekilde faydalanman\u0131z i\u00e7in, sat\u0131n al\u0131m\u0131n\u0131za <strong data-start=\"1118\" data-end=\"1148\">TouchPoints Deneyim Uzman\u0131<\/strong> ile \u00fccretsiz dan\u0131\u015fmanl\u0131k dahildir.<\/p>\n<hr data-start=\"1187\" data-end=\"1190\" \/>\n<p data-start=\"1192\" data-end=\"1356\"><strong data-start=\"1192\" data-end=\"1211\">\u00d6nemli Bilgiler<\/strong><br data-start=\"1211\" data-end=\"1214\" \/>TouchPoints, n\u00f6robilim temelli genel sa\u011fl\u0131k cihazlar\u0131d\u0131r. T\u0131bbi tedavinin yerine ge\u00e7mez ve herhangi bir hastal\u0131\u011f\u0131 tedavi etme amac\u0131 ta\u015f\u0131maz.<\/p>\n<p data-start=\"1358\" data-end=\"1467\">Bu \u00fcr\u00fcn <strong data-start=\"1366\" data-end=\"1397\">yeniden sat\u0131\u015f i\u00e7in de\u011fildir<\/strong>. Uluslararas\u0131 sipari\u015flerde g\u00fcmr\u00fck ve vergi \u00fccretleri uygulanabilir.<\/p>\n<p data-start=\"1469\" data-end=\"1543\" data-is-last-node=\"\" data-is-only-node=\"\"><strong data-start=\"1469\" data-end=\"1483\">Essentials<\/strong>, t\u00fcm TouchPoint bileklikleri ve aksesuarlar\u0131 ile uyumludur.<\/p>\n","protected":false},"excerpt":{"rendered":"<p>TouchPoints, stresin olumsuz etkilerini \u00f6nemli \u00f6l\u00e7\u00fcde azaltarak zihinsel sa\u011fl\u0131\u011f\u0131 iyile\u015ftiren patentli giyilebilir cihazlard\u0131r. TouchPoints\u2019in stresi azaltt\u0131\u011f\u0131, odaklanmay\u0131 art\u0131rd\u0131\u011f\u0131, uykuyu iyile\u015ftirdi\u011fi ve performans\u0131 y\u00fckseltti\u011fi kan\u0131tlanm\u0131\u015ft\u0131r. PAKET \u0130\u00c7ER\u0130\u011e\u0130 TouchPoint cihaz seti K\u0131yafet klipsleri seti \u00c7ift u\u00e7lu \u015farj kablosu \u00dccretsiz dan\u0131\u015fmanl\u0131k NASIL KULLANILIRStres hissetmeye ba\u015flad\u0131\u011f\u0131n\u0131zda, TouchPoints\u2019i v\u00fccudunuzun iki yan\u0131na yerle\u015ftirin \u2014 kay\u0131\u015flar, \u00e7oraplar, cepler veya avu\u00e7 i\u00e7inde tutabilirsiniz. [&hellip;]<\/p>\n","protected":false},"featured_media":1598,"comment_status":"open","ping_status":"closed","template":"","meta":[],"product_brand":[],"product_cat":[48],"product_tag":[],"class_list":{"0":"post-1597","1":"product","2":"type-product","3":"status-publish","4":"has-post-thumbnail","6":"product_cat-stress","8":"first","9":"instock","10":"taxable","11":"shipping-taxable","12":"purchasable","13":"product-type-simple"},"_links":{"self":[{"href":"https:\/\/touchpointgcc.com\/tr\/wp-json\/wp\/v2\/product\/1597","targetHints":{"allow":["GET"]}}],"collection":[{"href":"https:\/\/touchpointgcc.com\/tr\/wp-json\/wp\/v2\/product"}],"about":[{"href":"https:\/\/touchpointgcc.com\/tr\/wp-json\/wp\/v2\/types\/product"}],"replies":[{"embeddable":true,"href":"https:\/\/touchpointgcc.com\/tr\/wp-json\/wp\/v2\/comments?post=1597"}],"wp:featuredmedia":[{"embeddable":true,"href":"https:\/\/touchpointgcc.com\/tr\/wp-json\/wp\/v2\/media\/1598"}],"wp:attachment":[{"href":"https:\/\/touchpointgcc.com\/tr\/wp-json\/wp\/v2\/media?parent=1597"}],"wp:term":[{"taxonomy":"product_brand","embeddable":true,"href":"https:\/\/touchpointgcc.com\/tr\/wp-json\/wp\/v2\/product_brand?post=1597"},{"taxonomy":"product_cat","embeddable":true,"href":"https:\/\/touchpointgcc.com\/tr\/wp-json\/wp\/v2\/product_cat?post=1597"},{"taxonomy":"product_tag","embeddable":true,"href":"https:\/\/touchpointgcc.com\/tr\/wp-json\/wp\/v2\/product_tag?post=1597"}],"curies":[{"name":"wp","href":"https:\/\/api.w.org\/{rel}","templated":true}]}}