{"id":1595,"date":"2025-10-20T15:04:05","date_gmt":"2025-10-20T15:04:05","guid":{"rendered":"https:\/\/touchpointgcc.com\/product\/touchpoints-with-wristbands\/"},"modified":"2025-11-18T12:29:46","modified_gmt":"2025-11-18T12:29:46","slug":"touchpoints-with-wristbands","status":"publish","type":"product","link":"https:\/\/touchpointgcc.com\/tr\/urun\/touchpoints-with-wristbands\/","title":{"rendered":"TouchPoints Bileklikli Set"},"content":{"rendered":"<article class=\"text-token-text-primary w-full focus:outline-none [--shadow-height:45px] has-data-writing-block:pointer-events-none has-data-writing-block:-mt-(--shadow-height) has-data-writing-block:pt-(--shadow-height) [&amp;:has([data-writing-block])&gt;*]:pointer-events-auto [content-visibility:auto] supports-[content-visibility:auto]:[contain-intrinsic-size:auto_100lvh] scroll-mt-[calc(var(--header-height)+min(200px,max(70px,20svh)))]\" dir=\"auto\" tabindex=\"-1\" data-turn-id=\"request-WEB:1b50c06b-4161-4735-9424-c6c107ac2993-91\" data-testid=\"conversation-turn-182\" data-scroll-anchor=\"true\" data-turn=\"assistant\">\n<div class=\"text-base my-auto mx-auto pb-10 [--thread-content-margin:--spacing(4)] thread-sm:[--thread-content-margin:--spacing(6)] thread-lg:[--thread-content-margin:--spacing(16)] px-(--thread-content-margin)\">\n<div class=\"[--thread-content-max-width:40rem] thread-lg:[--thread-content-max-width:48rem] mx-auto max-w-(--thread-content-max-width) flex-1 group\/turn-messages focus-visible:outline-hidden relative flex w-full min-w-0 flex-col agent-turn\" tabindex=\"-1\">\n<div class=\"flex max-w-full flex-col grow\">\n<div class=\"min-h-8 text-message relative flex w-full flex-col items-end gap-2 text-start break-words whitespace-normal [.text-message+&amp;]:mt-1\" dir=\"auto\" data-message-author-role=\"assistant\" data-message-id=\"df91fcaa-4604-4bea-acfd-c762ea129f2e\" data-message-model-slug=\"gpt-5-mini\">\n<div class=\"flex w-full flex-col gap-1 empty:hidden first:pt-[1px]\">\n<div class=\"markdown prose dark:prose-invert w-full break-words light markdown-new-styling\">\n<p data-start=\"34\" data-end=\"298\">TouchPoints, stresin olumsuz etkilerini \u00f6nemli \u00f6l\u00e7\u00fcde azaltarak zihinsel sa\u011fl\u0131\u011f\u0131 iyile\u015ftiren patentli giyilebilir cihazlard\u0131r. TouchPoints\u2019in <strong data-start=\"176\" data-end=\"196\">stresi azaltt\u0131\u011f\u0131<\/strong>, <strong data-start=\"198\" data-end=\"223\">odaklanmay\u0131 art\u0131rd\u0131\u011f\u0131<\/strong>, <strong data-start=\"225\" data-end=\"249\">uykuyu iyile\u015ftirdi\u011fi<\/strong> ve <strong data-start=\"253\" data-end=\"280\">performans\u0131 y\u00fckseltti\u011fi<\/strong> kan\u0131tlanm\u0131\u015ft\u0131r.<\/p>\n<hr data-start=\"300\" data-end=\"303\" \/>\n<p data-start=\"305\" data-end=\"324\"><strong data-start=\"305\" data-end=\"322\">PAKET \u0130\u00c7ER\u0130\u011e\u0130<\/strong><\/p>\n<ul data-start=\"325\" data-end=\"428\">\n<li data-start=\"325\" data-end=\"350\">\n<p data-start=\"327\" data-end=\"350\">TouchPoint cihaz seti<\/p>\n<\/li>\n<li data-start=\"351\" data-end=\"376\">\n<p data-start=\"353\" data-end=\"376\">Silikon bileklik seti<\/p>\n<\/li>\n<li data-start=\"377\" data-end=\"403\">\n<p data-start=\"379\" data-end=\"403\">\u00c7ift u\u00e7lu \u015farj kablosu<\/p>\n<\/li>\n<li data-start=\"404\" data-end=\"428\">\n<p data-start=\"406\" data-end=\"428\">\u00dccretsiz dan\u0131\u015fmanl\u0131k<\/p>\n<\/li>\n<\/ul>\n<hr data-start=\"430\" data-end=\"433\" \/>\n<p data-start=\"435\" data-end=\"479\"><strong data-start=\"435\" data-end=\"477\">Beden Se\u00e7enekleri: Silikon Bileklikler<\/strong><\/p>\n<ul data-start=\"480\" data-end=\"551\">\n<li data-start=\"480\" data-end=\"515\">\n<p data-start=\"482\" data-end=\"515\">K\u00fc\u00e7\u00fck: Bilek uzunlu\u011fu 5.5&#8243;-6.7&#8243;<\/p>\n<\/li>\n<li data-start=\"516\" data-end=\"551\">\n<p data-start=\"518\" data-end=\"551\">B\u00fcy\u00fck: Bilek uzunlu\u011fu 6.7&#8243;-8.1&#8243;<\/p>\n<\/li>\n<\/ul>\n<hr data-start=\"553\" data-end=\"556\" \/>\n<p data-start=\"558\" data-end=\"831\"><strong data-start=\"558\" data-end=\"578\">NASIL KULLANILIR<\/strong><br data-start=\"578\" data-end=\"581\" \/>Stres hissetmeye ba\u015flad\u0131\u011f\u0131n\u0131zda, TouchPoints\u2019i v\u00fccudunuzun iki yan\u0131na yerle\u015ftirin \u2014 kay\u0131\u015flar, \u00e7oraplar, bilekler veya cepler. TouchPoints, sizi sakinle\u015ftiren titre\u015fimler g\u00f6nderir; odaklanmay\u0131 art\u0131r\u0131r, uykuya yard\u0131mc\u0131 olur ve performans\u0131 geli\u015ftirir.<\/p>\n<p data-start=\"833\" data-end=\"1093\">TouchPoints\u2019in \u00fc\u00e7 h\u0131z ayar\u0131 vard\u0131r: yava\u015f, orta ve h\u0131zl\u0131; rahat\u0131n\u0131za g\u00f6re ayarlanabilir. Titre\u015fim sesi cep telefonunun titre\u015fim sesi gibidir. Ses dikkat da\u011f\u0131t\u0131c\u0131 olursa, TouchPoints\u2019i ceplere, \u00e7oraplara yerle\u015ftirin veya fermuarl\u0131 sweatband\u2019lerimizi kullan\u0131n.<\/p>\n<hr data-start=\"1095\" data-end=\"1098\" \/>\n<p data-start=\"1100\" data-end=\"1261\"><strong data-start=\"1100\" data-end=\"1124\">\u00dcCRETS\u0130Z DANI\u015eMANLIK<\/strong><br data-start=\"1124\" data-end=\"1127\" \/>TouchPoints\u2019ten en iyi \u015fekilde faydalanman\u0131z i\u00e7in, sat\u0131n al\u0131m\u0131n\u0131za <strong data-start=\"1194\" data-end=\"1224\">TouchPoints Deneyim Uzman\u0131<\/strong> ile \u00fccretsiz dan\u0131\u015fmanl\u0131k dahildir.<\/p>\n<hr data-start=\"1263\" data-end=\"1266\" \/>\n<p data-start=\"1268\" data-end=\"1432\"><strong data-start=\"1268\" data-end=\"1287\">\u00d6nemli Bilgiler<\/strong><br data-start=\"1287\" data-end=\"1290\" \/>TouchPoints, n\u00f6robilim temelli genel sa\u011fl\u0131k cihazlar\u0131d\u0131r. T\u0131bbi tedavinin yerine ge\u00e7mez ve herhangi bir hastal\u0131\u011f\u0131 tedavi etme amac\u0131 ta\u015f\u0131maz.<\/p>\n<p data-start=\"1434\" data-end=\"1543\" data-is-last-node=\"\" data-is-only-node=\"\"><em data-start=\"1434\" data-end=\"1543\" data-is-last-node=\"\">Bu \u00fcr\u00fcn <strong data-start=\"1443\" data-end=\"1474\">yeniden sat\u0131\u015f i\u00e7in de\u011fildir<\/strong>. Uluslararas\u0131 sipari\u015flerde g\u00fcmr\u00fck ve vergi \u00fccretleri uygulanabilir.<\/em><\/p>\n<\/div>\n<\/div>\n<\/div>\n<\/div>\n<\/div>\n<\/div>\n<\/article>\n","protected":false},"excerpt":{"rendered":"<p>TouchPoints, stresin olumsuz etkilerini \u00f6nemli \u00f6l\u00e7\u00fcde azaltarak zihinsel sa\u011fl\u0131\u011f\u0131 iyile\u015ftiren patentli giyilebilir cihazlard\u0131r. TouchPoints\u2019in stresi azaltt\u0131\u011f\u0131, odaklanmay\u0131 art\u0131rd\u0131\u011f\u0131, uykuyu iyile\u015ftirdi\u011fi ve performans\u0131 y\u00fckseltti\u011fi kan\u0131tlanm\u0131\u015ft\u0131r. PAKET \u0130\u00c7ER\u0130\u011e\u0130 TouchPoint cihaz seti Silikon bileklik seti \u00c7ift u\u00e7lu \u015farj kablosu \u00dccretsiz dan\u0131\u015fmanl\u0131k Beden Se\u00e7enekleri: Silikon Bileklikler K\u00fc\u00e7\u00fck: Bilek uzunlu\u011fu 5.5&#8243;-6.7&#8243; B\u00fcy\u00fck: Bilek uzunlu\u011fu 6.7&#8243;-8.1&#8243; NASIL KULLANILIRStres hissetmeye ba\u015flad\u0131\u011f\u0131n\u0131zda, TouchPoints\u2019i [&hellip;]<\/p>\n","protected":false},"featured_media":1596,"comment_status":"open","ping_status":"closed","template":"","meta":[],"product_brand":[],"product_cat":[48],"product_tag":[],"class_list":{"0":"post-1595","1":"product","2":"type-product","3":"status-publish","4":"has-post-thumbnail","6":"product_cat-stress","8":"first","9":"instock","10":"taxable","11":"shipping-taxable","12":"purchasable","13":"product-type-simple"},"_links":{"self":[{"href":"https:\/\/touchpointgcc.com\/tr\/wp-json\/wp\/v2\/product\/1595","targetHints":{"allow":["GET"]}}],"collection":[{"href":"https:\/\/touchpointgcc.com\/tr\/wp-json\/wp\/v2\/product"}],"about":[{"href":"https:\/\/touchpointgcc.com\/tr\/wp-json\/wp\/v2\/types\/product"}],"replies":[{"embeddable":true,"href":"https:\/\/touchpointgcc.com\/tr\/wp-json\/wp\/v2\/comments?post=1595"}],"wp:featuredmedia":[{"embeddable":true,"href":"https:\/\/touchpointgcc.com\/tr\/wp-json\/wp\/v2\/media\/1596"}],"wp:attachment":[{"href":"https:\/\/touchpointgcc.com\/tr\/wp-json\/wp\/v2\/media?parent=1595"}],"wp:term":[{"taxonomy":"product_brand","embeddable":true,"href":"https:\/\/touchpointgcc.com\/tr\/wp-json\/wp\/v2\/product_brand?post=1595"},{"taxonomy":"product_cat","embeddable":true,"href":"https:\/\/touchpointgcc.com\/tr\/wp-json\/wp\/v2\/product_cat?post=1595"},{"taxonomy":"product_tag","embeddable":true,"href":"https:\/\/touchpointgcc.com\/tr\/wp-json\/wp\/v2\/product_tag?post=1595"}],"curies":[{"name":"wp","href":"https:\/\/api.w.org\/{rel}","templated":true}]}}