{"id":1591,"date":"2025-10-20T15:08:26","date_gmt":"2025-10-20T15:08:26","guid":{"rendered":"https:\/\/touchpointgcc.com\/product\/zippered-sweatbands\/"},"modified":"2025-11-18T12:28:25","modified_gmt":"2025-11-18T12:28:25","slug":"zippered-sweatbands","status":"publish","type":"product","link":"https:\/\/touchpointgcc.com\/tr\/urun\/zippered-sweatbands\/","title":{"rendered":"Fermuarl\u0131 Sweatband\u2019ler"},"content":{"rendered":"<div class=\"relative basis-auto flex-col -mb-(--composer-overlap-px) [--composer-overlap-px:28px] grow flex overflow-hidden\">\n<div class=\"relative h-full\">\n<div class=\"flex h-full flex-col overflow-y-auto thread-xl:pt-(--header-height) [scrollbar-gutter:stable_both-edges]\">\n<div class=\"flex flex-col text-sm thread-xl:pt-header-height pb-25\">\n<article class=\"text-token-text-primary w-full focus:outline-none [--shadow-height:45px] has-data-writing-block:pointer-events-none has-data-writing-block:-mt-(--shadow-height) has-data-writing-block:pt-(--shadow-height) [&amp;:has([data-writing-block])&gt;*]:pointer-events-auto [content-visibility:auto] supports-[content-visibility:auto]:[contain-intrinsic-size:auto_100lvh] scroll-mt-[calc(var(--header-height)+min(200px,max(70px,20svh)))]\" dir=\"auto\" tabindex=\"-1\" data-turn-id=\"request-WEB:1b50c06b-4161-4735-9424-c6c107ac2993-89\" data-testid=\"conversation-turn-178\" data-scroll-anchor=\"true\" data-turn=\"assistant\">\n<div class=\"text-base my-auto mx-auto pb-10 [--thread-content-margin:--spacing(4)] thread-sm:[--thread-content-margin:--spacing(6)] thread-lg:[--thread-content-margin:--spacing(16)] px-(--thread-content-margin)\">\n<div class=\"[--thread-content-max-width:40rem] thread-lg:[--thread-content-max-width:48rem] mx-auto max-w-(--thread-content-max-width) flex-1 group\/turn-messages focus-visible:outline-hidden relative flex w-full min-w-0 flex-col agent-turn\" tabindex=\"-1\">\n<div class=\"flex max-w-full flex-col grow\">\n<div class=\"min-h-8 text-message relative flex w-full flex-col items-end gap-2 text-start break-words whitespace-normal [.text-message+&amp;]:mt-1\" dir=\"auto\" data-message-author-role=\"assistant\" data-message-id=\"859b81b7-f911-4203-a2d5-ba83bcf183e0\" data-message-model-slug=\"gpt-5-mini\">\n<div class=\"flex w-full flex-col gap-1 empty:hidden first:pt-[1px]\">\n<div class=\"markdown prose dark:prose-invert w-full break-words light markdown-new-styling\">\n<p data-start=\"31\" data-end=\"272\">Bu fermuarl\u0131 sweatband\u2019ler, geleneksel bilekliklere alternatif arayan herkes i\u00e7in idealdir \u2014 \u00f6zellikle bileklik takamayan otizmli \u00e7ocuklar i\u00e7in uygundur. Sweatband\u2019ler, titre\u015fim sesini azaltarak TouchPoints\u2019inizi <strong data-start=\"244\" data-end=\"263\">sessiz ve gizli<\/strong> tutar.<\/p>\n<p data-start=\"274\" data-end=\"370\">Her sweatband\u2019in i\u00e7ine bir TouchPoint yerle\u015ftirip <strong data-start=\"324\" data-end=\"352\">bilek veya ayak bile\u011fine<\/strong> takabilirsiniz.<\/p>\n<p data-start=\"372\" data-end=\"391\"><strong data-start=\"372\" data-end=\"389\">Paket \u0130\u00e7eri\u011fi<\/strong><\/p>\n<ul data-start=\"392\" data-end=\"492\" data-is-last-node=\"\" data-is-only-node=\"\">\n<li data-start=\"392\" data-end=\"449\">\n<p data-start=\"394\" data-end=\"449\">TouchPoints logosu i\u015flenmi\u015f 2 adet lacivert sweatband<\/p>\n<\/li>\n<li data-start=\"450\" data-end=\"492\" data-is-last-node=\"\">\n<p data-start=\"452\" data-end=\"492\" data-is-last-node=\"\"><strong data-start=\"452\" data-end=\"492\" data-is-last-node=\"\">TouchPoints cihazlar\u0131 dahil de\u011fildir<\/strong><\/p>\n<\/li>\n<\/ul>\n<\/div>\n<\/div>\n<\/div>\n<\/div>\n<\/div>\n<\/div>\n<\/article>\n<\/div>\n<\/div>\n<\/div>\n<\/div>\n","protected":false},"excerpt":{"rendered":"<p>Bu fermuarl\u0131 sweatband\u2019ler, geleneksel bilekliklere alternatif arayan herkes i\u00e7in idealdir \u2014 \u00f6zellikle bileklik takamayan otizmli \u00e7ocuklar i\u00e7in uygundur. Sweatband\u2019ler, titre\u015fim sesini azaltarak TouchPoints\u2019inizi sessiz ve gizli tutar. Her sweatband\u2019in i\u00e7ine bir TouchPoint yerle\u015ftirip bilek veya ayak bile\u011fine takabilirsiniz. Paket \u0130\u00e7eri\u011fi TouchPoints logosu i\u015flenmi\u015f 2 adet lacivert sweatband TouchPoints cihazlar\u0131 dahil de\u011fildir<\/p>\n","protected":false},"featured_media":1592,"comment_status":"open","ping_status":"closed","template":"","meta":[],"product_brand":[],"product_cat":[47],"product_tag":[],"class_list":{"0":"post-1591","1":"product","2":"type-product","3":"status-publish","4":"has-post-thumbnail","6":"product_cat-sleep","8":"first","9":"instock","10":"taxable","11":"shipping-taxable","12":"purchasable","13":"product-type-simple"},"_links":{"self":[{"href":"https:\/\/touchpointgcc.com\/tr\/wp-json\/wp\/v2\/product\/1591","targetHints":{"allow":["GET"]}}],"collection":[{"href":"https:\/\/touchpointgcc.com\/tr\/wp-json\/wp\/v2\/product"}],"about":[{"href":"https:\/\/touchpointgcc.com\/tr\/wp-json\/wp\/v2\/types\/product"}],"replies":[{"embeddable":true,"href":"https:\/\/touchpointgcc.com\/tr\/wp-json\/wp\/v2\/comments?post=1591"}],"wp:featuredmedia":[{"embeddable":true,"href":"https:\/\/touchpointgcc.com\/tr\/wp-json\/wp\/v2\/media\/1592"}],"wp:attachment":[{"href":"https:\/\/touchpointgcc.com\/tr\/wp-json\/wp\/v2\/media?parent=1591"}],"wp:term":[{"taxonomy":"product_brand","embeddable":true,"href":"https:\/\/touchpointgcc.com\/tr\/wp-json\/wp\/v2\/product_brand?post=1591"},{"taxonomy":"product_cat","embeddable":true,"href":"https:\/\/touchpointgcc.com\/tr\/wp-json\/wp\/v2\/product_cat?post=1591"},{"taxonomy":"product_tag","embeddable":true,"href":"https:\/\/touchpointgcc.com\/tr\/wp-json\/wp\/v2\/product_tag?post=1591"}],"curies":[{"name":"wp","href":"https:\/\/api.w.org\/{rel}","templated":true}]}}