{"id":1589,"date":"2025-10-20T15:10:22","date_gmt":"2025-10-20T15:10:22","guid":{"rendered":"https:\/\/touchpointgcc.com\/product\/silicone-wristbands\/"},"modified":"2025-11-18T12:27:41","modified_gmt":"2025-11-18T12:27:41","slug":"silicone-wristbands","status":"publish","type":"product","link":"https:\/\/touchpointgcc.com\/tr\/urun\/silicone-wristbands\/","title":{"rendered":"Silikon Bileklikler"},"content":{"rendered":"<article class=\"text-token-text-primary w-full focus:outline-none [--shadow-height:45px] has-data-writing-block:pointer-events-none has-data-writing-block:-mt-(--shadow-height) has-data-writing-block:pt-(--shadow-height) [&amp;:has([data-writing-block])&gt;*]:pointer-events-auto [content-visibility:auto] supports-[content-visibility:auto]:[contain-intrinsic-size:auto_100lvh] scroll-mt-[calc(var(--header-height)+min(200px,max(70px,20svh)))]\" dir=\"auto\" tabindex=\"-1\" data-turn-id=\"request-WEB:1b50c06b-4161-4735-9424-c6c107ac2993-88\" data-testid=\"conversation-turn-176\" data-scroll-anchor=\"true\" data-turn=\"assistant\">\n<div class=\"text-base my-auto mx-auto pb-10 [--thread-content-margin:--spacing(4)] thread-sm:[--thread-content-margin:--spacing(6)] thread-lg:[--thread-content-margin:--spacing(16)] px-(--thread-content-margin)\">\n<div class=\"[--thread-content-max-width:40rem] thread-lg:[--thread-content-max-width:48rem] mx-auto max-w-(--thread-content-max-width) flex-1 group\/turn-messages focus-visible:outline-hidden relative flex w-full min-w-0 flex-col agent-turn\" tabindex=\"-1\">\n<div class=\"flex max-w-full flex-col grow\">\n<div class=\"min-h-8 text-message relative flex w-full flex-col items-end gap-2 text-start break-words whitespace-normal [.text-message+&amp;]:mt-1\" dir=\"auto\" data-message-author-role=\"assistant\" data-message-id=\"87ffd88a-6780-41b6-a98c-c96b7f808c5a\" data-message-model-slug=\"gpt-5-mini\">\n<div class=\"flex w-full flex-col gap-1 empty:hidden first:pt-[1px]\">\n<div class=\"markdown prose dark:prose-invert w-full break-words light markdown-new-styling\">\n<p data-start=\"27\" data-end=\"105\">TouchPoints\u2019inizi <strong data-start=\"45\" data-end=\"81\">silikon TouchPoints bileklikleri<\/strong> ile aksesuarla\u015ft\u0131r\u0131n!<\/p>\n<p data-start=\"107\" data-end=\"159\">Bileklikler, t\u00fcm TouchPoint kitleri ile uyumludur.<\/p>\n<p data-start=\"161\" data-end=\"232\">Bileklikler, standart metal toka ile silikon malzemeden \u00fcretilmi\u015ftir.<\/p>\n<p data-start=\"234\" data-end=\"253\"><strong data-start=\"234\" data-end=\"251\">Paket \u0130\u00e7eri\u011fi<\/strong><\/p>\n<ul data-start=\"254\" data-end=\"350\">\n<li data-start=\"254\" data-end=\"272\">\n<p data-start=\"256\" data-end=\"272\">1 set bileklik<\/p>\n<\/li>\n<li data-start=\"273\" data-end=\"305\">\n<p data-start=\"275\" data-end=\"305\">1 set bileklik ba\u011flay\u0131c\u0131lar\u0131<\/p>\n<\/li>\n<li data-start=\"306\" data-end=\"350\">\n<p data-start=\"308\" data-end=\"350\"><strong data-start=\"308\" data-end=\"348\">TouchPoints cihazlar\u0131 dahil de\u011fildir<\/strong><\/p>\n<\/li>\n<\/ul>\n<p data-start=\"352\" data-end=\"376\"><strong data-start=\"352\" data-end=\"374\">Beden Se\u00e7enekleri:<\/strong><\/p>\n<ul data-start=\"377\" data-end=\"446\" data-is-last-node=\"\" data-is-only-node=\"\">\n<li data-start=\"377\" data-end=\"412\">\n<p data-start=\"379\" data-end=\"412\">K\u00fc\u00e7\u00fck: Bilek uzunlu\u011fu 5.5&#8243;-6.7&#8243;<\/p>\n<\/li>\n<li data-start=\"413\" data-end=\"446\" data-is-last-node=\"\">\n<p data-start=\"415\" data-end=\"446\" data-is-last-node=\"\">B\u00fcy\u00fck: Bilek uzunlu\u011fu 6.7&#8243;-8.1&#8243;<\/p>\n<\/li>\n<\/ul>\n<\/div>\n<\/div>\n<\/div>\n<\/div>\n<div class=\"z-0 flex min-h-[46px] justify-start\"><\/div>\n<div class=\"mt-3 w-full empty:hidden\">\n<div class=\"text-center\"><\/div>\n<\/div>\n<\/div>\n<\/div>\n<\/article>\n<div class=\"pointer-events-none h-px w-px\" aria-hidden=\"true\" data-edge=\"true\"><\/div>\n","protected":false},"excerpt":{"rendered":"<p>TouchPoints\u2019inizi silikon TouchPoints bileklikleri ile aksesuarla\u015ft\u0131r\u0131n! Bileklikler, t\u00fcm TouchPoint kitleri ile uyumludur. Bileklikler, standart metal toka ile silikon malzemeden \u00fcretilmi\u015ftir. Paket \u0130\u00e7eri\u011fi 1 set bileklik 1 set bileklik ba\u011flay\u0131c\u0131lar\u0131 TouchPoints cihazlar\u0131 dahil de\u011fildir Beden Se\u00e7enekleri: K\u00fc\u00e7\u00fck: Bilek uzunlu\u011fu 5.5&#8243;-6.7&#8243; B\u00fcy\u00fck: Bilek uzunlu\u011fu 6.7&#8243;-8.1&#8243;<\/p>\n","protected":false},"featured_media":1590,"comment_status":"open","ping_status":"closed","template":"","meta":[],"product_brand":[],"product_cat":[48],"product_tag":[],"class_list":{"0":"post-1589","1":"product","2":"type-product","3":"status-publish","4":"has-post-thumbnail","6":"product_cat-stress","8":"first","9":"instock","10":"taxable","11":"shipping-taxable","12":"purchasable","13":"product-type-simple"},"_links":{"self":[{"href":"https:\/\/touchpointgcc.com\/tr\/wp-json\/wp\/v2\/product\/1589","targetHints":{"allow":["GET"]}}],"collection":[{"href":"https:\/\/touchpointgcc.com\/tr\/wp-json\/wp\/v2\/product"}],"about":[{"href":"https:\/\/touchpointgcc.com\/tr\/wp-json\/wp\/v2\/types\/product"}],"replies":[{"embeddable":true,"href":"https:\/\/touchpointgcc.com\/tr\/wp-json\/wp\/v2\/comments?post=1589"}],"wp:featuredmedia":[{"embeddable":true,"href":"https:\/\/touchpointgcc.com\/tr\/wp-json\/wp\/v2\/media\/1590"}],"wp:attachment":[{"href":"https:\/\/touchpointgcc.com\/tr\/wp-json\/wp\/v2\/media?parent=1589"}],"wp:term":[{"taxonomy":"product_brand","embeddable":true,"href":"https:\/\/touchpointgcc.com\/tr\/wp-json\/wp\/v2\/product_brand?post=1589"},{"taxonomy":"product_cat","embeddable":true,"href":"https:\/\/touchpointgcc.com\/tr\/wp-json\/wp\/v2\/product_cat?post=1589"},{"taxonomy":"product_tag","embeddable":true,"href":"https:\/\/touchpointgcc.com\/tr\/wp-json\/wp\/v2\/product_tag?post=1589"}],"curies":[{"name":"wp","href":"https:\/\/api.w.org\/{rel}","templated":true}]}}