{"id":1581,"date":"2025-10-20T15:19:41","date_gmt":"2025-10-20T15:19:41","guid":{"rendered":"https:\/\/touchpointgcc.com\/product\/touchpoints-for-sleep-organization-5-pack\/"},"modified":"2025-11-18T12:24:11","modified_gmt":"2025-11-18T12:24:11","slug":"touchpoints-for-sleep-organization-5-pack","status":"publish","type":"product","link":"https:\/\/touchpointgcc.com\/tr\/urun\/touchpoints-for-sleep-organization-5-pack\/","title":{"rendered":"TouchPoints For Sleep \u2013 Organizasyon 5\u2019li Paket"},"content":{"rendered":"<article class=\"text-token-text-primary w-full focus:outline-none [--shadow-height:45px] has-data-writing-block:pointer-events-none has-data-writing-block:-mt-(--shadow-height) has-data-writing-block:pt-(--shadow-height) [&amp;:has([data-writing-block])&gt;*]:pointer-events-auto [content-visibility:auto] supports-[content-visibility:auto]:[contain-intrinsic-size:auto_100lvh] scroll-mt-[calc(var(--header-height)+min(200px,max(70px,20svh)))]\" dir=\"auto\" tabindex=\"-1\" data-turn-id=\"request-WEB:1b50c06b-4161-4735-9424-c6c107ac2993-84\" data-testid=\"conversation-turn-168\" data-scroll-anchor=\"true\" data-turn=\"assistant\">\n<div class=\"text-base my-auto mx-auto pb-10 [--thread-content-margin:--spacing(4)] thread-sm:[--thread-content-margin:--spacing(6)] thread-lg:[--thread-content-margin:--spacing(16)] px-(--thread-content-margin)\">\n<div class=\"[--thread-content-max-width:40rem] thread-lg:[--thread-content-max-width:48rem] mx-auto max-w-(--thread-content-max-width) flex-1 group\/turn-messages focus-visible:outline-hidden relative flex w-full min-w-0 flex-col agent-turn\" tabindex=\"-1\">\n<div class=\"flex max-w-full flex-col grow\">\n<div class=\"min-h-8 text-message relative flex w-full flex-col items-end gap-2 text-start break-words whitespace-normal [.text-message+&amp;]:mt-1\" dir=\"auto\" data-message-author-role=\"assistant\" data-message-id=\"def1790c-1248-453e-bd5c-5c27202637f3\" data-message-model-slug=\"gpt-5-mini\">\n<div class=\"flex w-full flex-col gap-1 empty:hidden first:pt-[1px]\">\n<div class=\"markdown prose dark:prose-invert w-full break-words light markdown-new-styling\">\n<p data-start=\"55\" data-end=\"189\">Bu paket, TouchPoints \u00fcr\u00fcnlerini daha b\u00fcy\u00fck \u00f6l\u00e7eklerde sat\u0131n almak isteyen kurumlar i\u00e7in 5 set TouchPoints ve aksesuarlar\u0131n\u0131 i\u00e7erir.<\/p>\n<p data-start=\"191\" data-end=\"212\"><strong data-start=\"191\" data-end=\"210\">FSA \/ HSA UYGUN<\/strong><\/p>\n<p data-start=\"214\" data-end=\"457\">TouchPoints for Sleep, en yayg\u0131n iki uyku sorununa yard\u0131mc\u0131 olur: gece uykuya dalmada g\u00fc\u00e7l\u00fck ve sabah 2\u2019de uyan\u0131p tekrar uyuyamama. TouchPoints, sakinle\u015ftirici, alternatif titre\u015fimler kullanarak sizi birka\u00e7 saniye i\u00e7inde uyku moduna ge\u00e7irir.<\/p>\n<p data-start=\"459\" data-end=\"604\">Vaka \u00e7al\u0131\u015fmalar\u0131, TouchPoints\u2019in 15 dakika i\u00e7inde uykuya ge\u00e7meye yard\u0131mc\u0131 oldu\u011funu ve gece uyan\u0131kl\u0131\u011f\u0131nda %80 azalma sa\u011flad\u0131\u011f\u0131n\u0131 g\u00f6stermektedir.<\/p>\n<hr data-start=\"606\" data-end=\"609\" \/>\n<p data-start=\"611\" data-end=\"630\"><strong data-start=\"611\" data-end=\"628\">Paket \u0130\u00e7eri\u011fi<\/strong><\/p>\n<ul data-start=\"631\" data-end=\"834\">\n<li data-start=\"631\" data-end=\"717\">\n<p data-start=\"633\" data-end=\"717\">5 set TouchPoints (her set v\u00fccudun iki taraf\u0131nda kullan\u0131lmak \u00fczere 2 cihaz i\u00e7erir)<\/p>\n<\/li>\n<li data-start=\"718\" data-end=\"747\">\n<p data-start=\"720\" data-end=\"747\">5 set fermuarl\u0131 sweatband<\/p>\n<\/li>\n<li data-start=\"748\" data-end=\"770\">\n<p data-start=\"750\" data-end=\"770\">5 set \u015farj kablosu<\/p>\n<\/li>\n<li data-start=\"771\" data-end=\"809\">\n<p data-start=\"773\" data-end=\"809\">1 y\u0131ll\u0131k s\u0131n\u0131rl\u0131 \u00fcretici garantisi<\/p>\n<\/li>\n<li data-start=\"810\" data-end=\"834\">\n<p data-start=\"812\" data-end=\"834\">\u00dccretsiz dan\u0131\u015fmanl\u0131k<\/p>\n<\/li>\n<\/ul>\n<p data-start=\"836\" data-end=\"909\">Her bir set, bileklikler ve \u015farj kablolar\u0131yla ayr\u0131 ayr\u0131 paketlenmi\u015ftir.<\/p>\n<hr data-start=\"911\" data-end=\"914\" \/>\n<p data-start=\"916\" data-end=\"1324\"><strong data-start=\"916\" data-end=\"936\">Nas\u0131l Kullan\u0131l\u0131r<\/strong><br data-start=\"936\" data-end=\"939\" \/>Uykuya dalmakta zorlan\u0131yorsan\u0131z, TouchPoints\u2019i bileklerinize veya ayak bileklerinize dahil edilen fermuarl\u0131 sweatband i\u00e7ine yerle\u015ftirin ve yatmadan 30 dakika \u00f6nce tak\u0131n. Uyu\u015fukluk hissetmeye ba\u015flad\u0131\u011f\u0131n\u0131zda TouchPoints\u2019i kapat\u0131n ve dinlendirici bir uykuya dal\u0131n. TouchPoints for Sleep, yerle\u015fik 30 dakikal\u0131k zamanlay\u0131c\u0131ya sahiptir, b\u00f6ylece uyumadan \u00f6nce kapatma endi\u015fesi ya\u015famazs\u0131n\u0131z.<\/p>\n<p data-start=\"1326\" data-end=\"1496\">Gece ortas\u0131nda uyan\u0131p tekrar uyuyam\u0131yorsan\u0131z, TouchPoints\u2019i fermuarl\u0131 sweatband\u2019a yerle\u015ftirin, bileklerinize veya ayak bileklerinize kayd\u0131r\u0131n ve rahat bir uykuya ge\u00e7in.<\/p>\n<hr data-start=\"1498\" data-end=\"1501\" \/>\n<p data-start=\"1503\" data-end=\"1674\"><strong data-start=\"1503\" data-end=\"1527\">\u00dccretsiz Dan\u0131\u015fmanl\u0131k<\/strong><br data-start=\"1527\" data-end=\"1530\" \/>TouchPoints for Sleep\u2019ten en iyi \u015fekilde faydalanman\u0131z i\u00e7in, sat\u0131n al\u0131m\u0131n\u0131za <strong data-start=\"1607\" data-end=\"1637\">TouchPoints Deneyim Uzman\u0131<\/strong> ile \u00fccretsiz dan\u0131\u015fmanl\u0131k dahildir.<\/p>\n<hr data-start=\"1676\" data-end=\"1679\" \/>\n<p data-start=\"1681\" data-end=\"2029\"><strong data-start=\"1681\" data-end=\"1700\">\u00d6nemli Bilgiler<\/strong><br data-start=\"1700\" data-end=\"1703\" \/>TouchPoints, n\u00f6robilim temelli genel sa\u011fl\u0131k cihazlar\u0131d\u0131r. T\u0131bbi tedavinin yerine ge\u00e7mez ve herhangi bir hastal\u0131\u011f\u0131 tedavi etme amac\u0131 ta\u015f\u0131maz.<br data-start=\"1843\" data-end=\"1846\" \/>Uluslararas\u0131 sipari\u015flerde g\u00fcmr\u00fck ve vergi \u00fccretleri uygulanabilir.<br data-start=\"1912\" data-end=\"1915\" \/>\u00d6zel sipari\u015fler i\u00e7in Hesap Y\u00f6neticisi Mark Holder ile ileti\u015fime ge\u00e7in: <strong data-start=\"1986\" data-end=\"2027\"><a class=\"decorated-link cursor-pointer\" rel=\"noopener\" data-start=\"1988\" data-end=\"2025\">mark.holder@thetouchpointsolution.com<\/a><\/strong><\/p>\n<p data-start=\"2031\" data-end=\"2150\" data-is-last-node=\"\" data-is-only-node=\"\"><strong data-start=\"2031\" data-end=\"2064\">Toplu Al\u0131mlarda Ek \u0130ndirimler<\/strong><br data-start=\"2064\" data-end=\"2067\" \/>60+ TouchPoints seti al\u0131mlar\u0131nda ek fiyat indirimleri i\u00e7in bizimle ileti\u015fime ge\u00e7in.<\/p>\n<\/div>\n<\/div>\n<\/div>\n<\/div>\n<div class=\"z-0 flex min-h-[46px] justify-start\"><\/div>\n<div class=\"mt-3 w-full empty:hidden\">\n<div class=\"text-center\"><\/div>\n<\/div>\n<\/div>\n<\/div>\n<\/article>\n<div class=\"pointer-events-none h-px w-px\" aria-hidden=\"true\" data-edge=\"true\"><\/div>\n","protected":false},"excerpt":{"rendered":"<p>Bu paket, TouchPoints \u00fcr\u00fcnlerini daha b\u00fcy\u00fck \u00f6l\u00e7eklerde sat\u0131n almak isteyen kurumlar i\u00e7in 5 set TouchPoints ve aksesuarlar\u0131n\u0131 i\u00e7erir. FSA \/ HSA UYGUN TouchPoints for Sleep, en yayg\u0131n iki uyku sorununa yard\u0131mc\u0131 olur: gece uykuya dalmada g\u00fc\u00e7l\u00fck ve sabah 2\u2019de uyan\u0131p tekrar uyuyamama. TouchPoints, sakinle\u015ftirici, alternatif titre\u015fimler kullanarak sizi birka\u00e7 saniye i\u00e7inde uyku moduna ge\u00e7irir. Vaka [&hellip;]<\/p>\n","protected":false},"featured_media":1582,"comment_status":"open","ping_status":"closed","template":"","meta":[],"product_brand":[],"product_cat":[47],"product_tag":[],"class_list":{"0":"post-1581","1":"product","2":"type-product","3":"status-publish","4":"has-post-thumbnail","6":"product_cat-sleep","8":"first","9":"instock","10":"taxable","11":"shipping-taxable","12":"purchasable","13":"product-type-simple"},"_links":{"self":[{"href":"https:\/\/touchpointgcc.com\/tr\/wp-json\/wp\/v2\/product\/1581","targetHints":{"allow":["GET"]}}],"collection":[{"href":"https:\/\/touchpointgcc.com\/tr\/wp-json\/wp\/v2\/product"}],"about":[{"href":"https:\/\/touchpointgcc.com\/tr\/wp-json\/wp\/v2\/types\/product"}],"replies":[{"embeddable":true,"href":"https:\/\/touchpointgcc.com\/tr\/wp-json\/wp\/v2\/comments?post=1581"}],"wp:featuredmedia":[{"embeddable":true,"href":"https:\/\/touchpointgcc.com\/tr\/wp-json\/wp\/v2\/media\/1582"}],"wp:attachment":[{"href":"https:\/\/touchpointgcc.com\/tr\/wp-json\/wp\/v2\/media?parent=1581"}],"wp:term":[{"taxonomy":"product_brand","embeddable":true,"href":"https:\/\/touchpointgcc.com\/tr\/wp-json\/wp\/v2\/product_brand?post=1581"},{"taxonomy":"product_cat","embeddable":true,"href":"https:\/\/touchpointgcc.com\/tr\/wp-json\/wp\/v2\/product_cat?post=1581"},{"taxonomy":"product_tag","embeddable":true,"href":"https:\/\/touchpointgcc.com\/tr\/wp-json\/wp\/v2\/product_tag?post=1581"}],"curies":[{"name":"wp","href":"https:\/\/api.w.org\/{rel}","templated":true}]}}