{"id":1531,"date":"2025-11-02T11:45:12","date_gmt":"2025-11-02T11:45:12","guid":{"rendered":"https:\/\/touchpointgcc.com\/product-registration\/"},"modified":"2025-11-19T12:35:42","modified_gmt":"2025-11-19T12:35:42","slug":"product-registration","status":"publish","type":"page","link":"https:\/\/touchpointgcc.com\/tr\/product-registration\/","title":{"rendered":"PRODUCT REGISTRATION"},"content":{"rendered":"\t\t<div data-elementor-type=\"wp-page\" data-elementor-id=\"1531\" class=\"elementor elementor-1531 elementor-1290\" data-elementor-post-type=\"page\">\n\t\t\t\t<div class=\"elementor-element elementor-element-51cee3a e-flex e-con-boxed e-con e-parent\" data-id=\"51cee3a\" data-element_type=\"container\">\n\t\t\t\t\t<div class=\"e-con-inner\">\n\t\t<div class=\"elementor-element elementor-element-087c5b2 e-con-full e-flex e-con e-child\" data-id=\"087c5b2\" data-element_type=\"container\">\n\t\t\t\t<div class=\"elementor-element elementor-element-5e0867f elementor-widget elementor-widget-text-editor\" data-id=\"5e0867f\" data-element_type=\"widget\" data-widget_type=\"text-editor.default\">\n\t\t\t\t\t\t\t\t\t<div id=\"r-1570092099375\" class=\"gf_row gf_row-gap-0\" data-label=\"Row\" data-icon=\"gpicon-row\" data-id=\"1570092099375\" data-row-gap=\"0px\" data-extraclass=\"\"><div id=\"c-1543284691158\" class=\"gf_col-md-12 gf_column\" data-id=\"1543284691158\"><div id=\"e-1570092099382\" class=\"element-wrap\" data-label=\"Heading\" data-icon=\"gpicon-heading\" data-ver=\"1\" data-id=\"1570092099382\"><div class=\"elm text-edit gf-elm-center gf-elm-left-md gf-elm-left-sm gf-elm-left-lg gf-elm-left-xs\" data-gemlang=\"en\" data-exc=\"\"><h3 data-start=\"0\" data-end=\"13\">B\u0130Z\u0130 ARAYIN<\/h3><p data-start=\"15\" data-end=\"50\">Telefon: 0000000<br data-start=\"31\" data-end=\"34\" \/>TOUCH: 0000000<\/p><p data-start=\"52\" data-end=\"89\"><strong>\u00c7al\u0131\u015fma Saatleri<\/strong>: 08:00 &#8211; 16:00 MST<\/p><h4 data-start=\"91\" data-end=\"112\">B\u0130ZE E-POSTA G\u00d6NDER\u0130N<\/h4><\/div><\/div><\/div><\/div><div id=\"r-1570092099365\" class=\"gf_row gf_row-gap-0\" data-label=\"Row\" data-icon=\"gpicon-row\" data-id=\"1570092099365\" data-row-gap=\"0px\" data-extraclass=\"\"><div id=\"c-1543284691158\" class=\"gf_col-md-12 gf_column\" data-id=\"1543284691158\"><div id=\"e-1570092099379\" class=\"element-wrap\" data-label=\"Text Block\" data-icon=\"gpicon-textblock\" data-ver=\"1\" data-id=\"1570092099379\"><div class=\"elm text-edit gf-elm-left gf-elm-left-md gf-elm-left-sm gf-elm-left-lg gf-elm-left-xs gf_gs-text-paragraph-1\" data-gemlang=\"en\" data-exc=\"\"><p><a href=\"mailto:info@touchpointgcc.com\" target=\"_blank\" rel=\"noopener\">info@touchpointgcc.com<\/a><\/p><\/div><\/div><\/div><\/div>\t\t\t\t\t\t\t\t<\/div>\n\t\t\t\t<\/div>\n\t\t<div class=\"elementor-element elementor-element-c12d673 e-con-full e-flex e-con e-child\" data-id=\"c12d673\" data-element_type=\"container\">\n\t\t\t\t<div class=\"elementor-element elementor-element-8b798ca elementor-widget elementor-widget-text-editor\" data-id=\"8b798ca\" data-element_type=\"widget\" data-widget_type=\"text-editor.default\">\n\t\t\t\t\t\t\t\t\t<div id=\"r-1570092099375\" class=\"gf_row gf_row-gap-0\" data-label=\"Row\" data-icon=\"gpicon-row\" data-id=\"1570092099375\" data-row-gap=\"0px\" data-extraclass=\"\"><div id=\"c-1543284691158\" class=\"gf_col-md-12 gf_column\" data-id=\"1543284691158\"><div id=\"e-1570092099382\" class=\"element-wrap\" data-label=\"Heading\" data-icon=\"gpicon-heading\" data-ver=\"1\" data-id=\"1570092099382\"><div class=\"elm text-edit gf-elm-center gf-elm-left-md gf-elm-left-sm gf-elm-left-lg gf-elm-left-xs\" data-gemlang=\"en\" data-exc=\"\"><article class=\"text-token-text-primary w-full focus:outline-none [--shadow-height:45px] has-data-writing-block:pointer-events-none has-data-writing-block:-mt-(--shadow-height) has-data-writing-block:pt-(--shadow-height) [&amp;:has([data-writing-block])&gt;*]:pointer-events-auto [content-visibility:auto] supports-[content-visibility:auto]:[contain-intrinsic-size:auto_100lvh] scroll-mt-[calc(var(--header-height)+min(200px,max(70px,20svh)))]\" dir=\"auto\" tabindex=\"-1\" data-turn-id=\"request-691c8726-ff38-832e-ae58-3f3908a07fe3-54\" data-testid=\"conversation-turn-134\" data-scroll-anchor=\"true\" data-turn=\"assistant\"><div class=\"text-base my-auto mx-auto pb-10 [--thread-content-margin:--spacing(4)] thread-sm:[--thread-content-margin:--spacing(6)] thread-lg:[--thread-content-margin:--spacing(16)] px-(--thread-content-margin)\"><div class=\"[--thread-content-max-width:40rem] thread-lg:[--thread-content-max-width:48rem] mx-auto max-w-(--thread-content-max-width) flex-1 group\/turn-messages focus-visible:outline-hidden relative flex w-full min-w-0 flex-col agent-turn\" tabindex=\"-1\"><div class=\"flex max-w-full flex-col grow\"><div class=\"min-h-8 text-message relative flex w-full flex-col items-end gap-2 text-start break-words whitespace-normal [.text-message+&amp;]:mt-1\" dir=\"auto\" data-message-author-role=\"assistant\" data-message-id=\"01b06dd7-410c-4e40-bac5-9d7f384f3844\" data-message-model-slug=\"gpt-5-mini\"><div class=\"flex w-full flex-col gap-1 empty:hidden first:pt-[1px]\"><div class=\"markdown prose dark:prose-invert w-full break-words light markdown-new-styling\"><p data-start=\"0\" data-end=\"347\" data-is-last-node=\"\" data-is-only-node=\"\">Her sat\u0131n alma, 1 y\u0131ll\u0131k \u00fcretici garantisini i\u00e7erir. Sat\u0131n alman\u0131z\u0131 kazara olu\u015fabilecek hasarlara kar\u015f\u0131 <strong data-start=\"104\" data-end=\"123\">Hasar Sigortas\u0131<\/strong> ile de koruyabilirsiniz (ayr\u0131 bir sat\u0131n alma gereklidir). L\u00fctfen TouchPoints\u2019inizi sat\u0131n alma tarihinden itibaren 30 g\u00fcn i\u00e7inde a\u015fa\u011f\u0131daki \u00e7evrimi\u00e7i kay\u0131t formunu kullanarak kaydedin. Kapsam hakk\u0131nda daha fazla bilgi edinin.<\/p><\/div><\/div><\/div><\/div><\/div><\/div><\/article><\/div><\/div><\/div><\/div>\t\t\t\t\t\t\t\t<\/div>\n\t\t\t\t<div class=\"elementor-element elementor-element-a4c5f02 elementor-widget elementor-widget-text-editor\" data-id=\"a4c5f02\" data-element_type=\"widget\" data-widget_type=\"text-editor.default\">\n\t\t\t\t\t\t\t\t\t<p data-start=\"0\" data-end=\"18\"><strong>\u00dcr\u00fcn Kay\u0131t Formu<br \/><\/strong>\u00dcr\u00fcn kay\u0131t i\u015flemi basittir ancak tam garanti ve sigorta kapsam\u0131n\u0131 sa\u011flamak i\u00e7in gereklidir. L\u00fctfen a\u015fa\u011f\u0131daki formu doldurun.<\/p>\t\t\t\t\t\t\t\t<\/div>\n\t\t\t\t<div class=\"elementor-element elementor-element-1eebfe7 elementor-button-align-stretch elementor-widget elementor-widget-form\" data-id=\"1eebfe7\" data-element_type=\"widget\" data-settings=\"{&quot;step_next_label&quot;:&quot;Next&quot;,&quot;step_previous_label&quot;:&quot;Previous&quot;,&quot;button_width&quot;:&quot;100&quot;,&quot;step_type&quot;:&quot;number_text&quot;,&quot;step_icon_shape&quot;:&quot;circle&quot;}\" data-widget_type=\"form.default\">\n\t\t\t\t\t\t\t<form class=\"elementor-form\" method=\"post\" name=\"New Form\" aria-label=\"New Form\">\r\n\t\t\t<input type=\"hidden\" name=\"post_id\" value=\"1531\"\/>\r\n\t\t\t<input type=\"hidden\" name=\"form_id\" value=\"1eebfe7\"\/>\r\n\t\t\t<input type=\"hidden\" name=\"referer_title\" value=\"PRODUCT REGISTRATION\" \/>\r\n\r\n\t\t\t\t\t\t\t<input type=\"hidden\" name=\"queried_id\" value=\"1531\"\/>\r\n\t\t\t\r\n\t\t\t<div class=\"elementor-form-fields-wrapper elementor-labels-above\">\r\n\t\t\t\t\t\t\t\t<div class=\"elementor-field-type-text elementor-field-group elementor-column elementor-field-group-name elementor-col-50\">\r\n\t\t\t\t\t\t\t\t\t\t\t\t<label for=\"form-field-name\" class=\"elementor-field-label\">\r\n\t\t\t\t\t\t\t\t\u0130sim\t\t\t\t\t\t\t<\/label>\r\n\t\t\t\t\t\t\t\t\t\t\t\t\t\t<input size=\"1\" type=\"text\" name=\"form_fields[name]\" id=\"form-field-name\" class=\"elementor-field elementor-size-sm  elementor-field-textual\" placeholder=\"Ad\">\r\n\t\t\t\t\t\t\t\t\t\t\t<\/div>\r\n\t\t\t\t\t\t\t\t<div class=\"elementor-field-type-text elementor-field-group elementor-column elementor-field-group-field_b566800 elementor-col-50\">\r\n\t\t\t\t\t\t\t\t\t\t\t\t<label for=\"form-field-field_b566800\" class=\"elementor-field-label\">\r\n\t\t\t\t\t\t\t\t.\t\t\t\t\t\t\t<\/label>\r\n\t\t\t\t\t\t\t\t\t\t\t\t\t\t<input size=\"1\" type=\"text\" name=\"form_fields[field_b566800]\" id=\"form-field-field_b566800\" class=\"elementor-field elementor-size-sm  elementor-field-textual\" placeholder=\"Soyad\">\r\n\t\t\t\t\t\t\t\t\t\t\t<\/div>\r\n\t\t\t\t\t\t\t\t<div class=\"elementor-field-type-email elementor-field-group elementor-column elementor-field-group-email elementor-col-100 elementor-field-required elementor-mark-required\">\r\n\t\t\t\t\t\t\t\t\t\t\t\t<label for=\"form-field-email\" class=\"elementor-field-label\">\r\n\t\t\t\t\t\t\t\tE-Posta\t\t\t\t\t\t\t<\/label>\r\n\t\t\t\t\t\t\t\t\t\t\t\t\t\t<input size=\"1\" type=\"email\" name=\"form_fields[email]\" id=\"form-field-email\" class=\"elementor-field elementor-size-sm  elementor-field-textual\" placeholder=\"E-Posta\" required=\"required\">\r\n\t\t\t\t\t\t\t\t\t\t\t<\/div>\r\n\t\t\t\t\t\t\t\t<div class=\"elementor-field-type-text elementor-field-group elementor-column elementor-field-group-field_a7304f6 elementor-col-100 elementor-field-required elementor-mark-required\">\r\n\t\t\t\t\t\t\t\t\t\t\t\t<label for=\"form-field-field_a7304f6\" class=\"elementor-field-label\">\r\n\t\t\t\t\t\t\t\tSipari\u015f Numaras\u0131\t\t\t\t\t\t\t<\/label>\r\n\t\t\t\t\t\t\t\t\t\t\t\t\t\t<input size=\"1\" type=\"text\" name=\"form_fields[field_a7304f6]\" id=\"form-field-field_a7304f6\" class=\"elementor-field elementor-size-sm  elementor-field-textual\" required=\"required\">\r\n\t\t\t\t\t\t\t\t\t\t\t<\/div>\r\n\t\t\t\t\t\t\t\t<div class=\"elementor-field-type-date elementor-field-group elementor-column elementor-field-group-field_8f27773 elementor-col-100\">\r\n\t\t\t\t\t\t\t\t\t\t\t\t<label for=\"form-field-field_8f27773\" class=\"elementor-field-label\">\r\n\t\t\t\t\t\t\t\tSat\u0131n Alma Tarihi\t\t\t\t\t\t\t<\/label>\r\n\t\t\t\t\t\t\r\n\t\t<input type=\"date\" name=\"form_fields[field_8f27773]\" id=\"form-field-field_8f27773\" class=\"elementor-field elementor-size-sm  elementor-field-textual elementor-date-field\" placeholder=\"dd-MM-yyyy\" pattern=\"[0-9]{4}-[0-9]{2}-[0-9]{2}\">\r\n\t\t\t\t\t\t<\/div>\r\n\t\t\t\t\t\t\t\t<div class=\"elementor-field-type-text elementor-field-group elementor-column elementor-field-group-field_e7cedb9 elementor-col-100 elementor-field-required elementor-mark-required\">\r\n\t\t\t\t\t\t\t\t\t\t\t\t<label for=\"form-field-field_e7cedb9\" class=\"elementor-field-label\">\r\n\t\t\t\t\t\t\t\tSeri Numaras\u0131 1\t\t\t\t\t\t\t<\/label>\r\n\t\t\t\t\t\t\t\t\t\t\t\t\t\t<input size=\"1\" type=\"text\" name=\"form_fields[field_e7cedb9]\" id=\"form-field-field_e7cedb9\" class=\"elementor-field elementor-size-sm  elementor-field-textual\" placeholder=\"Her cihaz\u0131n arkas\u0131nda benzersiz 12 haneli bir seri numaras\u0131 bulunur.\" required=\"required\">\r\n\t\t\t\t\t\t\t\t\t\t\t<\/div>\r\n\t\t\t\t\t\t\t\t<div class=\"elementor-field-type-text elementor-field-group elementor-column elementor-field-group-field_f6a97f3 elementor-col-100 elementor-field-required elementor-mark-required\">\r\n\t\t\t\t\t\t\t\t\t\t\t\t<label for=\"form-field-field_f6a97f3\" class=\"elementor-field-label\">\r\n\t\t\t\t\t\t\t\tSeri Numaras\u0131 2\t\t\t\t\t\t\t<\/label>\r\n\t\t\t\t\t\t\t\t\t\t\t\t\t\t<input size=\"1\" type=\"text\" name=\"form_fields[field_f6a97f3]\" id=\"form-field-field_f6a97f3\" class=\"elementor-field elementor-size-sm  elementor-field-textual\" placeholder=\"Her cihaz\u0131n arkas\u0131nda benzersiz 12 haneli bir seri numaras\u0131 bulunur. Sadece bir cihaz kaydediyorsan\u0131z, t\u00fcm haneleri 0 olarak girin.\" required=\"required\">\r\n\t\t\t\t\t\t\t\t\t\t\t<\/div>\r\n\t\t\t\t\t\t\t\t<div class=\"elementor-field-type-select elementor-field-group elementor-column elementor-field-group-field_47a658a elementor-col-100 elementor-field-required elementor-mark-required\">\r\n\t\t\t\t\t\t\t\t\t\t\t\t<label for=\"form-field-field_47a658a\" class=\"elementor-field-label\">\r\n\t\t\t\t\t\t\t\tTouchPoint Kiti\t\t\t\t\t\t\t<\/label>\r\n\t\t\t\t\t\t\t\t<div class=\"elementor-field elementor-select-wrapper remove-before \">\r\n\t\t\t<div class=\"select-caret-down-wrapper\">\r\n\t\t\t\t<svg aria-hidden=\"true\" class=\"e-font-icon-svg e-eicon-caret-down\" viewBox=\"0 0 571.4 571.4\" xmlns=\"http:\/\/www.w3.org\/2000\/svg\"><path d=\"M571 393Q571 407 561 418L311 668Q300 679 286 679T261 668L11 418Q0 407 0 393T11 368 36 357H536Q550 357 561 368T571 393Z\"><\/path><\/svg>\t\t\t<\/div>\r\n\t\t\t<select name=\"form_fields[field_47a658a]\" id=\"form-field-field_47a658a\" class=\"elementor-field-textual elementor-size-sm\" required=\"required\">\r\n\t\t\t\t\t\t\t\t\t<option value=\"Bileklikli TouchPoints\">Bileklikli TouchPoints<\/option>\r\n\t\t\t\t\t\t\t\t\t<option value=\"Uyku \u0130\u00e7in TouchPoints\">Uyku \u0130\u00e7in TouchPoints<\/option>\r\n\t\t\t\t\t\t\t\t\t<option value=\"TouchPoint Essentials\">TouchPoint Essentials<\/option>\r\n\t\t\t\t\t\t\t\t\t<option value=\"-Se\u00e7iniz-\">-Se\u00e7iniz-<\/option>\r\n\t\t\t\t\t\t\t<\/select>\r\n\t\t<\/div>\r\n\t\t\t\t\t\t<\/div>\r\n\t\t\t\t\t\t\t\t<div class=\"elementor-field-type-checkbox elementor-field-group elementor-column elementor-field-group-field_4603a2b elementor-col-100\">\r\n\t\t\t\t\t<div class=\"elementor-field-subgroup  \"><span class=\"elementor-field-option\"><input type=\"checkbox\" value=\"TouchPoints bana hediye edildi\" id=\"form-field-field_4603a2b-0\" name=\"form_fields[field_4603a2b][]\"> <label for=\"form-field-field_4603a2b-0\">TouchPoints bana hediye edildi<\/label><\/span><span class=\"elementor-field-option\"><input type=\"checkbox\" value=\"Bu kitle Hasar Sigortas\u0131 sat\u0131n almak istiyorum\" id=\"form-field-field_4603a2b-1\" name=\"form_fields[field_4603a2b][]\"> <label for=\"form-field-field_4603a2b-1\">Bu kitle Hasar Sigortas\u0131 sat\u0131n almak istiyorum<\/label><\/span><\/div>\t\t\t\t<\/div>\r\n\t\t\t\t\t\t\t\t<div class=\"elementor-field-type-text elementor-field-group elementor-column elementor-field-group-field_4cff6ab elementor-col-100\">\r\n\t\t\t\t\t\t\t\t\t\t\t\t<label for=\"form-field-field_4cff6ab\" class=\"elementor-field-label\">\r\n\t\t\t\t\t\t\t\tHasar Sigortas\u0131 Sat\u0131n Alma Sipari\u015f Numaras\u0131\t\t\t\t\t\t\t<\/label>\r\n\t\t\t\t\t\t\t\t\t\t\t\t\t\t<input size=\"1\" type=\"text\" name=\"form_fields[field_4cff6ab]\" id=\"form-field-field_4cff6ab\" class=\"elementor-field elementor-size-sm  elementor-field-textual\">\r\n\t\t\t\t\t\t\t\t\t\t\t<\/div>\r\n\t\t\t\t\t\t\t\t<div class=\"elementor-field-group elementor-column elementor-field-type-submit elementor-col-100 e-form__buttons\">\r\n\t\t\t\t\t<button class=\"elementor-button elementor-size-sm\" type=\"submit\">\r\n\t\t\t\t\t\t<span class=\"elementor-button-content-wrapper\">\r\n\t\t\t\t\t\t\t\t\t\t\t\t\t\t\t\t\t\t\t\t\t\t<span class=\"elementor-button-text\">G\u00f6nder<\/span>\r\n\t\t\t\t\t\t\t\t\t\t\t\t\t<\/span>\r\n\t\t\t\t\t<\/button>\r\n\t\t\t\t<\/div>\r\n\t\t\t<\/div>\r\n\t\t<\/form>\r\n\t\t\t\t\t\t<\/div>\n\t\t\t\t<\/div>\n\t\t\t\t\t<\/div>\n\t\t\t\t<\/div>\n\t\t\t\t<\/div>\n\t\t","protected":false},"excerpt":{"rendered":"<p>B\u0130Z\u0130 ARAYIN Telefon: 0000000TOUCH: 0000000 \u00c7al\u0131\u015fma Saatleri: 08:00 &#8211; 16:00 MST B\u0130ZE E-POSTA G\u00d6NDER\u0130N info@touchpointgcc.com Her sat\u0131n alma, 1 y\u0131ll\u0131k \u00fcretici garantisini i\u00e7erir. Sat\u0131n alman\u0131z\u0131 kazara olu\u015fabilecek hasarlara kar\u015f\u0131 Hasar Sigortas\u0131 ile de koruyabilirsiniz (ayr\u0131 bir sat\u0131n alma gereklidir). L\u00fctfen TouchPoints\u2019inizi sat\u0131n alma tarihinden itibaren 30 g\u00fcn i\u00e7inde a\u015fa\u011f\u0131daki \u00e7evrimi\u00e7i kay\u0131t formunu kullanarak kaydedin. Kapsam [&hellip;]<\/p>\n","protected":false},"author":1,"featured_media":0,"parent":0,"menu_order":0,"comment_status":"closed","ping_status":"closed","template":"elementor_header_footer","meta":{"footnotes":""},"class_list":["post-1531","page","type-page","status-publish","hentry"],"blocksy_meta":[],"_links":{"self":[{"href":"https:\/\/touchpointgcc.com\/tr\/wp-json\/wp\/v2\/pages\/1531","targetHints":{"allow":["GET"]}}],"collection":[{"href":"https:\/\/touchpointgcc.com\/tr\/wp-json\/wp\/v2\/pages"}],"about":[{"href":"https:\/\/touchpointgcc.com\/tr\/wp-json\/wp\/v2\/types\/page"}],"author":[{"embeddable":true,"href":"https:\/\/touchpointgcc.com\/tr\/wp-json\/wp\/v2\/users\/1"}],"replies":[{"embeddable":true,"href":"https:\/\/touchpointgcc.com\/tr\/wp-json\/wp\/v2\/comments?post=1531"}],"version-history":[{"count":0,"href":"https:\/\/touchpointgcc.com\/tr\/wp-json\/wp\/v2\/pages\/1531\/revisions"}],"wp:attachment":[{"href":"https:\/\/touchpointgcc.com\/tr\/wp-json\/wp\/v2\/media?parent=1531"}],"curies":[{"name":"wp","href":"https:\/\/api.w.org\/{rel}","templated":true}]}}