{"id":1529,"date":"2025-11-02T12:03:48","date_gmt":"2025-11-02T12:03:48","guid":{"rendered":"https:\/\/touchpointgcc.com\/safety-care\/"},"modified":"2025-11-19T12:40:10","modified_gmt":"2025-11-19T12:40:10","slug":"safety-care","status":"publish","type":"page","link":"https:\/\/touchpointgcc.com\/tr\/safety-care\/","title":{"rendered":"Safety\u00a0&amp; Care"},"content":{"rendered":"\t\t<div data-elementor-type=\"wp-page\" data-elementor-id=\"1529\" class=\"elementor elementor-1529 elementor-1300\" data-elementor-post-type=\"page\">\n\t\t\t\t<div class=\"elementor-element elementor-element-f5a05a4 e-flex e-con-boxed e-con e-parent\" data-id=\"f5a05a4\" data-element_type=\"container\" data-settings=\"{&quot;background_background&quot;:&quot;classic&quot;}\">\n\t\t\t\t\t<div class=\"e-con-inner\">\n\t\t\t\t\t<\/div>\n\t\t\t\t<\/div>\n\t\t<div class=\"elementor-element elementor-element-2f3fd57 e-flex e-con-boxed e-con e-parent\" data-id=\"2f3fd57\" data-element_type=\"container\">\n\t\t\t\t\t<div class=\"e-con-inner\">\n\t\t\t\t<div class=\"elementor-element elementor-element-81e74cf elementor-widget elementor-widget-text-editor\" data-id=\"81e74cf\" data-element_type=\"widget\" data-widget_type=\"text-editor.default\">\n\t\t\t\t\t\t\t\t\t<div id=\"r-1671570833056\" class=\"gf_row\" data-label=\"Row\" data-key=\"row\" data-atomgroup=\"row\" data-icon=\"gpicon-row\" data-id=\"1671570833056\" data-layout-lg=\"12\" data-extraclass=\"\" data-layout-md=\"12\" data-layout-sm=\"12\" data-layout-xs=\"12\"> <div id=\"c-1671570833145\" class=\"gf_column gf_col-lg-12 gf_col-md-12 gf_col-sm-12 gf_col-xs-12\" data-id=\"1671570833145\"> <div id=\"e-1671569938557\" class=\"element-wrap\" data-label=\"Text Block\" data-key=\"text-block\" data-atomgroup=\"element\" data-icon=\"gpicon-textblock\" data-ver=\"1\" data-id=\"1671569938557\"> <div class=\"elm text-edit gf-elm-left gf_gs-text-paragraph-1 gf-elm-left-lg gf-elm-left-md gf-elm-left-sm gf-elm-left-xs\" data-gemlang=\"tr\" data-exc=\"\"> <h2><span style=\"color: #0000ff;\"><strong>G\u00fcvenlik <\/strong><strong>&amp; Bak\u0131m:<\/strong><\/span><\/h2> <\/div> <\/div> <div id=\"e-1680897583042\" class=\"element-wrap\" data-label=\"Text Block\" data-key=\"text-block\" data-atomgroup=\"element\" data-icon=\"gpicon-textblock\" data-ver=\"1\" data-id=\"1680897583042\"> <div class=\"elm text-edit gf-elm-left gf_gs-text-paragraph-1 gf-elm-left-lg gf-elm-left-md gf-elm-left-sm gf-elm-left-xs\" data-gemlang=\"tr\" data-exc=\"\">\n\nBiraz g\u00fcvenlik ve bak\u0131m, stresinizi azaltman\u0131za ve hayat\u0131n\u0131z\u0131 daha rahat ya\u015faman\u0131za yard\u0131mc\u0131 olabilir! Bu g\u00fcvenlik ve bak\u0131m ipu\u00e7lar\u0131n\u0131 takip ederek \u00fcr\u00fcn\u00fcn\u00fcz\u00fcn tad\u0131n\u0131 beklenmedik kazalar olmadan \u00e7\u0131karabilirsiniz. Derin bir nefes al\u0131n, rahatlay\u0131n ve bu g\u00fcvenlik talimatlar\u0131n\u0131n sizi daha huzurlu bir deneyime y\u00f6nlendirmesine izin verin!\n\n<\/div> <\/div> <\/div> <\/div> <div id=\"r-1671575772136\" class=\"gf_row\" data-label=\"Row\" data-key=\"row\" data-atomgroup=\"row\" data-icon=\"gpicon-row\" data-id=\"1671575772136\"> <div id=\"c-1671570012006\" class=\"gf_column gf_col-lg-12 gf_col-md-12 gf_col-sm-12 gf_col-xs-12\" data-id=\"1671570012006\"> <div id=\"e-1671575772249\" class=\"element-wrap\" data-label=\"Text Block\" data-key=\"text-block\" data-atomgroup=\"element\" data-icon=\"gpicon-textblock\" data-ver=\"1\" data-id=\"1671575772249\"> <div class=\"elm text-edit gf-elm-left gf_gs-text-paragraph-1 gf-elm-left-lg gf-elm-left-md gf-elm-left-sm gf-elm-left-xs\" data-gemlang=\"tr\" data-exc=\"\"> <h3><span style=\"color: #0000ff;\">TouchPoints\u2122\u2019\u0131n\u0131z\u0131n Bak\u0131m\u0131<\/span><\/h3> <\/div> <\/div> <div id=\"e-1671575846609\" class=\"element-wrap\" data-label=\"Text Block\" data-key=\"text-block\" data-atomgroup=\"element\" data-icon=\"gpicon-textblock\" data-ver=\"1\" data-id=\"1671575846609\"> <div class=\"elm text-edit gf-elm-left gf_gs-text-paragraph-1 gf-elm-left-lg gf-elm-left-md gf-elm-left-sm gf-elm-left-xs\" data-gemlang=\"tr\" data-exc=\"\">\n\nTouchPoints, do\u011fru kullan\u0131m ve bak\u0131m ile 1 y\u0131l garantilidir. TouchPoints genellikle g\u00fcn i\u00e7inde ihtiya\u00e7 duyuldu\u011funda, 5-30 dakikal\u0131k periyotlarla kullan\u0131lmak \u00fczere tasarlanm\u0131\u015ft\u0131r. TouchPoints\u2019\u0131 daha uzun s\u00fcre kullanman\u0131n ki\u015fiye zarar\u0131 olmasa da, birka\u00e7 saat \u00fcst \u00fcste kullanmak cihaz\u0131n \u00f6mr\u00fcn\u00fc k\u0131saltabilir.\n\n<strong>Biliyor muydunuz?<\/strong> TouchPoints\u2019\u0131 30 dakikaya kadar kullanmak, g\u00fcn boyunca TouchPoints kapal\u0131 olsa bile sakin kalman\u0131za yard\u0131mc\u0131 olabilecek kal\u0131c\u0131 bir etki b\u0131rakabilir! TouchPoints\u2019\u0131n BLAST teknolojisi, stres yan\u0131t\u0131m\u0131z\u0131 tetikleyen an\u0131lar\u0131 de\u011fi\u015ftirmeye yard\u0131mc\u0131 olan yeni sinir yollar\u0131 olu\u015fturarak \u00e7al\u0131\u015f\u0131r. Bu yeni sinir yollar\u0131 zamanla in\u015fa edilerek adrenalin ve kortizol gibi stresle ili\u015fkili hormonlar\u0131n sal\u0131n\u0131m\u0131n\u0131 kademeli olarak azalt\u0131r. G\u00fcn i\u00e7inde ihtiya\u00e7 duyuldu\u011funda k\u0131sa s\u00fcreli kullan\u0131mlar, TouchPoints kapal\u0131 olsa bile daha az stresli, daha sakin ve mant\u0131kl\u0131 hissetmenizi sa\u011flamal\u0131d\u0131r. Bu \u015fekilde kullanmak, hem cihaz\u0131n etkinli\u011fine yard\u0131mc\u0131 olur hem de \u00f6mr\u00fcn\u00fc uzat\u0131r ve stresinizi daha iyi anlaman\u0131za ve y\u00f6netmenize yard\u0131mc\u0131 olur.\n\n<\/div> <\/div> <\/div> <\/div> <div id=\"r-1712077019859\" class=\"gf_row\" data-label=\"Row\" data-key=\"row\" data-atomgroup=\"row\" data-icon=\"gpicon-row\" data-id=\"1712077019859\"> <div id=\"c-1712077019746\" class=\"gf_column gf_col-lg-12 gf_col-md-12 gf_col-sm-12 gf_col-xs-12\" data-id=\"1712077019746\"> <div id=\"e-1712076964721\" class=\"element-wrap\" data-label=\"Text Block\" data-key=\"text-block\" data-atomgroup=\"element\" data-icon=\"gpicon-textblock\" data-ver=\"1\" data-id=\"1712076964721\"> <div class=\"elm text-edit gf-elm-left gf_gs-text-paragraph-1 gf-elm-left-lg gf-elm-left-md gf-elm-left-sm gf-elm-left-xs\" data-gemlang=\"tr\" data-exc=\"\"> <div> <ul> <li>Tavsiye edilen saklama s\u0131cakl\u0131\u011f\u0131: 15-27\u00b0C<\/li> <li>Kir veya su giremeyecek g\u00fcvenli alanlarda saklay\u0131n<\/li> <li>Dikkatli kullan\u0131n. Sert kullan\u0131m\/d\u00fc\u015f\u00fcrme cihaz\u0131n geri d\u00f6n\u00fclemez \u015fekilde zarar g\u00f6rmesine neden olabilir<\/li> <li>TouchPoints\u2122 ter ge\u00e7irmezdir, ancak su ge\u00e7irmez de\u011fildir. TouchPoints\u2122\u2019\u0131 su yak\u0131n\u0131nda veya etraf\u0131nda kullanmaktan ka\u00e7\u0131n\u0131n.<\/li> <\/ul> <\/div> <\/div> <\/div> <\/div> <\/div> <div id=\"r-1671570011976\" class=\"gf_row\" data-label=\"Row\" data-key=\"row\" data-atomgroup=\"row\" data-icon=\"gpicon-row\" data-id=\"1671570011976\"> <div id=\"c-1671570012006\" class=\"gf_column gf_col-lg-12 gf_col-md-12 gf_col-sm-12 gf_col-xs-12\" data-id=\"1671570012006\"> <div id=\"e-1671570460736\" class=\"element-wrap\" data-label=\"Text Block\" data-key=\"text-block\" data-atomgroup=\"element\" data-icon=\"gpicon-textblock\" data-ver=\"1\" data-id=\"1671570460736\"> <div class=\"elm text-edit gf-elm-left gf_gs-text-paragraph-1 gf-elm-left-md gf-elm-left-sm gf-elm-left-xs gf-elm-left-lg\" data-gemlang=\"tr\" data-exc=\"\">\n\nTouchPoints\u2122 Pil ve \u015earj Talimatlar\u0131:\n\n<\/div> <\/div> <div id=\"e-1671570585127\" class=\"element-wrap\" data-label=\"Text Block\" data-key=\"text-block\" data-atomgroup=\"element\" data-icon=\"gpicon-textblock\" data-ver=\"1\" data-id=\"1671570585127\"> <div class=\"elm text-edit gf-elm-left gf_gs-text-paragraph-1 gf-elm-left-md gf-elm-left-sm gf-elm-left-xs gf-elm-left-lg\" data-gemlang=\"tr\" data-exc=\"\">\n\nTouchPoints\u2122, tam \u015farjla yakla\u015f\u0131k 3-4 saat \u00e7al\u0131\u015fabilen ve \u015farj\u0131n\u0131 bir haftaya kadar saklayabilen lityum iyon \u015farj edilebilir piller kullan\u0131r. En iyi pil sa\u011fl\u0131\u011f\u0131 i\u00e7in a\u015fa\u011f\u0131daki \u00f6nerilerimizi inceleyin.\n\n<\/div> <\/div> <\/div> <\/div> <div id=\"r-1671570581323\" class=\"gf_row\" data-label=\"Row\" data-key=\"row\" data-atomgroup=\"row\" data-icon=\"gpicon-row\" data-id=\"1671570581323\"> <div id=\"c-1671570581335\" class=\"gf_column gf_col-lg-12 gf_col-md-12 gf_col-sm-12 gf_col-xs-12\" data-id=\"1671570581335\"> <div id=\"e-1712075902613\" class=\"element-wrap\" data-label=\"Text Block\" data-key=\"text-block\" data-atomgroup=\"element\" data-icon=\"gpicon-textblock\" data-ver=\"1\" data-id=\"1712075902613\"> <div class=\"elm text-edit gf-elm-left gf_gs-text-paragraph-1 gf-elm-left-md gf-elm-left-sm gf-elm-left-xs gf-elm-left-lg\" data-gemlang=\"tr\" data-exc=\"\"> <ul> <li>USB kablosu, yal\u0131t\u0131m k\u0131l\u0131f\u0131nda veya konekt\u00f6rlerde hasar varsa kullan\u0131lmamal\u0131d\u0131r.<\/li> <li>En iyi performans i\u00e7in TouchPoint \u00e7ift u\u00e7lu USB kablosunu kullanarak \u015farj etmeniz \u00f6nerilir.<\/li> <li>Di\u011fer ucu g\u00fc\u00e7 kayna\u011f\u0131na takmadan \u00f6nce her iki cihaz\u0131 da \u015farj kablosuna takman\u0131z \u00f6nerilir<\/li> <li>Kullan\u0131lmad\u0131\u011f\u0131nda USB adapt\u00f6r\u00fcn\u00fc prizden \u00e7\u0131karman\u0131z \u00f6nerilir<\/li> <li>Haftal\u0131k minimum \u015farj \u00f6nerilir<\/li> <li>Lambalar veya kanepeler gibi mobilyalara monte USB \u015farj portlar\u0131n\u0131 kullanman\u0131z \u00f6nerilmez<\/li> <li>24 saatten uzun \u015farj etmeyin<\/li> <li><strong>HER ZAMAN<\/strong> a\u015fa\u011f\u0131daki g\u00fcvenlik sembollerini g\u00f6steren bir \u015farj adapt\u00f6r\u00fc kullan\u0131n:<\/li> <\/ul> <img fetchpriority=\"high\" decoding=\"async\" class=\"alignnone wp-image-1304\" src=\"https:\/\/touchpointgcc.com\/wp-content\/uploads\/2025\/11\/1678904402012-300x169.avif\" alt=\"\" width=\"380\" height=\"214\" srcset=\"https:\/\/touchpointgcc.com\/wp-content\/uploads\/2025\/11\/1678904402012-300x169.avif 300w, https:\/\/touchpointgcc.com\/wp-content\/uploads\/2025\/11\/1678904402012.avif 416w\" sizes=\"(max-width: 380px) 100vw, 380px\" \/> <\/div> <\/div> <\/div> <\/div>\t\t\t\t\t\t\t\t<\/div>\n\t\t\t\t\t<\/div>\n\t\t\t\t<\/div>\n\t\t<div class=\"elementor-element elementor-element-788f3e3 e-flex e-con-boxed e-con e-parent\" data-id=\"788f3e3\" data-element_type=\"container\">\n\t\t\t\t\t<div class=\"e-con-inner\">\n\t\t<div class=\"elementor-element elementor-element-7f5f9a2 e-con-full e-flex e-con e-child\" data-id=\"7f5f9a2\" data-element_type=\"container\">\n\t\t\t\t<div class=\"elementor-element elementor-element-953f2be elementor-widget elementor-widget-image\" data-id=\"953f2be\" data-element_type=\"widget\" data-widget_type=\"image.default\">\n\t\t\t\t\t\t\t\t\t\t\t\t\t\t\t<img decoding=\"async\" width=\"1024\" height=\"1024\" src=\"https:\/\/touchpointgcc.com\/wp-content\/uploads\/2025\/11\/CE-SYMBOL-1024x1024.avif\" class=\"attachment-large size-large wp-image-1530\" alt=\"\" srcset=\"https:\/\/touchpointgcc.com\/wp-content\/uploads\/2025\/11\/CE-SYMBOL-1024x1024.avif 1024w, https:\/\/touchpointgcc.com\/wp-content\/uploads\/2025\/11\/CE-SYMBOL-300x300.avif 300w, https:\/\/touchpointgcc.com\/wp-content\/uploads\/2025\/11\/CE-SYMBOL-150x150.avif 150w, https:\/\/touchpointgcc.com\/wp-content\/uploads\/2025\/11\/CE-SYMBOL-768x768.avif 768w, https:\/\/touchpointgcc.com\/wp-content\/uploads\/2025\/11\/CE-SYMBOL-600x600.avif 600w, https:\/\/touchpointgcc.com\/wp-content\/uploads\/2025\/11\/CE-SYMBOL-100x100.avif 100w, https:\/\/touchpointgcc.com\/wp-content\/uploads\/2025\/11\/CE-SYMBOL.avif 1080w\" sizes=\"(max-width: 1024px) 100vw, 1024px\" \/>\t\t\t\t\t\t\t\t\t\t\t\t\t\t\t<\/div>\n\t\t\t\t<\/div>\n\t\t<div class=\"elementor-element elementor-element-8f385f1 e-con-full e-flex e-con e-child\" data-id=\"8f385f1\" data-element_type=\"container\">\n\t\t\t\t<div class=\"elementor-element elementor-element-f2a2fce elementor-widget elementor-widget-text-editor\" data-id=\"f2a2fce\" data-element_type=\"widget\" data-widget_type=\"text-editor.default\">\n\t\t\t\t\t\t\t\t\t<article class=\"text-token-text-primary w-full focus:outline-none [--shadow-height:45px] has-data-writing-block:pointer-events-none has-data-writing-block:-mt-(--shadow-height) has-data-writing-block:pt-(--shadow-height) [&amp;:has([data-writing-block])&gt;*]:pointer-events-auto [content-visibility:auto] supports-[content-visibility:auto]:[contain-intrinsic-size:auto_100lvh] scroll-mt-[calc(var(--header-height)+min(200px,max(70px,20svh)))]\" dir=\"auto\" tabindex=\"-1\" data-turn-id=\"request-691c8726-ff38-832e-ae58-3f3908a07fe3-62\" data-testid=\"conversation-turn-150\" data-scroll-anchor=\"true\" data-turn=\"assistant\"><div class=\"text-base my-auto mx-auto pb-10 [--thread-content-margin:--spacing(4)] thread-sm:[--thread-content-margin:--spacing(6)] thread-lg:[--thread-content-margin:--spacing(16)] px-(--thread-content-margin)\"><div class=\"[--thread-content-max-width:40rem] thread-lg:[--thread-content-max-width:48rem] mx-auto max-w-(--thread-content-max-width) flex-1 group\/turn-messages focus-visible:outline-hidden relative flex w-full min-w-0 flex-col agent-turn\" tabindex=\"-1\"><div class=\"flex max-w-full flex-col grow\"><div class=\"min-h-8 text-message relative flex w-full flex-col items-end gap-2 text-start break-words whitespace-normal [.text-message+&amp;]:mt-1\" dir=\"auto\" data-message-author-role=\"assistant\" data-message-id=\"8c230891-f4b4-489d-b61e-8906a8d6be42\" data-message-model-slug=\"gpt-5-mini\"><div class=\"flex w-full flex-col gap-1 empty:hidden first:pt-[1px]\"><div class=\"markdown prose dark:prose-invert w-full break-words light markdown-new-styling\"><p data-start=\"38\" data-end=\"655\" data-is-last-node=\"\" data-is-only-node=\"\">TouchPoint \u00fcr\u00fcn\u00fc, ilgili tan\u0131nm\u0131\u015f Avrupa uyumlu performans ve g\u00fcvenlik standartlar\u0131n\u0131n t\u00fcm gereksinimlerini kar\u015f\u0131lamaktad\u0131r.<br data-start=\"162\" data-end=\"165\" \/>CE i\u015fareti, Avrupa Ekonomik Alan\u0131 (EEA) i\u00e7inde sat\u0131lan \u00fcr\u00fcnler i\u00e7in sa\u011fl\u0131k, g\u00fcvenlik ve \u00e7evre koruma standartlar\u0131na uygunlu\u011fu g\u00f6steren bir sertifika i\u015faretidir. CE i\u015fareti, EEA d\u0131\u015f\u0131nda sat\u0131lan ancak EEA i\u00e7inde \u00fcretilmi\u015f veya sat\u0131\u015fa sunulmak \u00fczere tasarlanm\u0131\u015f \u00fcr\u00fcnlerde de bulunur. Bu, CE i\u015faretinin Avrupa Ekonomik Alan\u0131\u2019na a\u015fina olmayan ki\u015filer taraf\u0131ndan bile d\u00fcnya \u00e7ap\u0131nda tan\u0131nmas\u0131n\u0131 sa\u011flar. Bu anlamda, ABD\u2019de belirli elektronik cihazlarda kullan\u0131lan FCC Uygunluk Beyan\u0131 ile benzerdir.<\/p><\/div><\/div><\/div><\/div><\/div><\/div><\/article>\t\t\t\t\t\t\t\t<\/div>\n\t\t\t\t<\/div>\n\t\t\t\t\t<\/div>\n\t\t\t\t<\/div>\n\t\t<div class=\"elementor-element elementor-element-90dfa3f e-flex e-con-boxed e-con e-parent\" data-id=\"90dfa3f\" data-element_type=\"container\">\n\t\t\t\t\t<div class=\"e-con-inner\">\n\t\t\t\t<div class=\"elementor-element elementor-element-27c7428 elementor-widget elementor-widget-text-editor\" data-id=\"27c7428\" data-element_type=\"widget\" data-widget_type=\"text-editor.default\">\n\t\t\t\t\t\t\t\t\t<h3><span style=\"color: #ff6600;\">\u00d6NEML\u0130: G\u00dcVENL\u0130 KULLANIM TAL\u0130MATI<\/span><span style=\"font-size: 16px;\">\u00dcr\u00fcn \u0131slaksa cihazlar\u0131 kullanmay\u0131n veya \u015farj etmeyin<\/span><\/h3>\n\n<h3><span style=\"color: #0000ff;\">TouchPoint\u2122 Kullan\u0131c\u0131lar\u0131:<\/span><\/h3>\n<ul>\n \t<li>TouchPoints\u2122, k\u00fc\u00e7\u00fck bo\u011fulma tehlikeleri nedeniyle 3 ya\u015f ve alt\u0131ndaki \u00e7ocuklar i\u00e7in \u00f6nerilmez.<\/li>\n \t<li>TouchPoints\u2122, genel sa\u011fl\u0131k ve iyi ya\u015fam ama\u00e7l\u0131 cihazlar olarak kabul edilir. FDA\u2019ya g\u00f6re genel sa\u011fl\u0131k cihaz\u0131, sa\u011fl\u0131kl\u0131 bir ya\u015fam tarz\u0131n\u0131 destekleyen d\u00fc\u015f\u00fck riskli bir \u00fcr\u00fcnd\u00fcr. FDA taraf\u0131ndan d\u00fczenlenen bir cihaz de\u011fildir ve herhangi bir durumun tan\u0131s\u0131 veya tedavisi ile ilgisi yoktur.<\/li>\n \t<li>Klinik denemeler ve \u00e7ok say\u0131da bilimsel \u00e7al\u0131\u015fmayla desteklenen TouchPoints\u2122, stresin sadece 30 saniye i\u00e7inde azalt\u0131lmas\u0131n\u0131 sa\u011flayan yenilik\u00e7i ve invaziv olmayan bir yakla\u015f\u0131md\u0131r. TouchPoints\u2122, BLAST (\u00e7ift tarafl\u0131 alternatif titre\u015fimli uyaran) y\u00f6ntemi ile \u00e7al\u0131\u015f\u0131r; bu, travma sonras\u0131 stres bozuklu\u011funu (PTSD) tedavi etmek i\u00e7in kullan\u0131lan bir psikoterapi tekni\u011fi olan g\u00f6z hareketleriyle duyars\u0131zla\u015ft\u0131rma ve yeniden i\u015fleme (EMDR) y\u00f6nteminden t\u00fcretilmi\u015f patentli bir y\u00f6ntemdir. TouchPoints\u2122, v\u00fccudun stres tepkisini etkisiz hale getirmek i\u00e7in tasarlanm\u0131\u015ft\u0131r. Kronik stres, ya\u015fam kalitesini akut olarak etkileyebilir ve uzun vadeli ciddi sa\u011fl\u0131k sonu\u00e7lar\u0131na yol a\u00e7abilir. TouchPoints\u2122 kullan\u0131c\u0131lar\u0131 daha sakin olduklar\u0131n\u0131, fiziksel ve psikolojik stresle ilgili belirtilerin azald\u0131\u011f\u0131n\u0131, daha iyi uyuduklar\u0131n\u0131 ve performanslar\u0131n\u0131n artt\u0131\u011f\u0131n\u0131 bildirirler. Ancak daha \u00f6nce belirtildi\u011fi gibi, TouchPoints\u2122 t\u0131bbi tavsiyenin yerine ge\u00e7mez. TouchPoints\u2122 kullan\u0131m\u0131n\u0131n herhangi bir t\u0131bbi durum veya tedavi rejimi ile g\u00fcvenli\u011fi hakk\u0131nda sorular\u0131n\u0131z varsa, l\u00fctfen doktorunuza dan\u0131\u015f\u0131n.<\/li>\n<\/ul>\t\t\t\t\t\t\t\t<\/div>\n\t\t\t\t\t<\/div>\n\t\t\t\t<\/div>\n\t\t\t\t<\/div>\n\t\t","protected":false},"excerpt":{"rendered":"<p>G\u00fcvenlik &amp; Bak\u0131m: Biraz g\u00fcvenlik ve bak\u0131m, stresinizi azaltman\u0131za ve hayat\u0131n\u0131z\u0131 daha rahat ya\u015faman\u0131za yard\u0131mc\u0131 olabilir! Bu g\u00fcvenlik ve bak\u0131m ipu\u00e7lar\u0131n\u0131 takip ederek \u00fcr\u00fcn\u00fcn\u00fcz\u00fcn tad\u0131n\u0131 beklenmedik kazalar olmadan \u00e7\u0131karabilirsiniz. Derin bir nefes al\u0131n, rahatlay\u0131n ve bu g\u00fcvenlik talimatlar\u0131n\u0131n sizi daha huzurlu bir deneyime y\u00f6nlendirmesine izin verin! TouchPoints\u2122\u2019\u0131n\u0131z\u0131n Bak\u0131m\u0131 TouchPoints, do\u011fru kullan\u0131m ve bak\u0131m ile 1 [&hellip;]<\/p>\n","protected":false},"author":1,"featured_media":0,"parent":0,"menu_order":0,"comment_status":"closed","ping_status":"closed","template":"elementor_header_footer","meta":{"footnotes":""},"class_list":["post-1529","page","type-page","status-publish","hentry"],"blocksy_meta":[],"_links":{"self":[{"href":"https:\/\/touchpointgcc.com\/tr\/wp-json\/wp\/v2\/pages\/1529","targetHints":{"allow":["GET"]}}],"collection":[{"href":"https:\/\/touchpointgcc.com\/tr\/wp-json\/wp\/v2\/pages"}],"about":[{"href":"https:\/\/touchpointgcc.com\/tr\/wp-json\/wp\/v2\/types\/page"}],"author":[{"embeddable":true,"href":"https:\/\/touchpointgcc.com\/tr\/wp-json\/wp\/v2\/users\/1"}],"replies":[{"embeddable":true,"href":"https:\/\/touchpointgcc.com\/tr\/wp-json\/wp\/v2\/comments?post=1529"}],"version-history":[{"count":0,"href":"https:\/\/touchpointgcc.com\/tr\/wp-json\/wp\/v2\/pages\/1529\/revisions"}],"wp:attachment":[{"href":"https:\/\/touchpointgcc.com\/tr\/wp-json\/wp\/v2\/media?parent=1529"}],"curies":[{"name":"wp","href":"https:\/\/api.w.org\/{rel}","templated":true}]}}