{"id":1528,"date":"2025-11-02T12:12:34","date_gmt":"2025-11-02T12:12:34","guid":{"rendered":"https:\/\/touchpointgcc.com\/personal-stress-profile\/"},"modified":"2025-11-19T12:41:19","modified_gmt":"2025-11-19T12:41:19","slug":"personal-stress-profile","status":"publish","type":"page","link":"https:\/\/touchpointgcc.com\/tr\/personal-stress-profile\/","title":{"rendered":"Personal Stress Profile"},"content":{"rendered":"\t\t<div data-elementor-type=\"wp-page\" data-elementor-id=\"1528\" class=\"elementor elementor-1528 elementor-1312\" data-elementor-post-type=\"page\">\n\t\t\t\t<div class=\"elementor-element elementor-element-2e7b294 e-flex e-con-boxed e-con e-parent\" data-id=\"2e7b294\" data-element_type=\"container\" data-settings=\"{&quot;background_background&quot;:&quot;gradient&quot;}\">\n\t\t\t\t\t<div class=\"e-con-inner\">\n\t\t\t\t<div class=\"elementor-element elementor-element-12e78f2 elementor-widget elementor-widget-heading\" data-id=\"12e78f2\" data-element_type=\"widget\" data-widget_type=\"heading.default\">\n\t\t\t\t\t<h2 class=\"elementor-heading-title elementor-size-default\">Ki\u015fisel Stres Profili<\/h2>\t\t\t\t<\/div>\n\t\t\t\t\t<\/div>\n\t\t\t\t<\/div>\n\t\t<div class=\"elementor-element elementor-element-60250a9 e-flex e-con-boxed e-con e-parent\" data-id=\"60250a9\" data-element_type=\"container\">\n\t\t\t\t\t<div class=\"e-con-inner\">\n\t\t\t\t<div class=\"elementor-element elementor-element-b326034 elementor-widget elementor-widget-text-editor\" data-id=\"b326034\" data-element_type=\"widget\" data-widget_type=\"text-editor.default\">\n\t\t\t\t\t\t\t\t\t<div id=\"r-1631648291903\" class=\"gf_row gf_row-gap-0\" data-label=\"Row\" data-icon=\"gpicon-row\" data-id=\"1631648291903\" data-extraclass=\"\" data-row-gap=\"0px\"><div id=\"c-1592800075626\" class=\"gf_column gf_col-lg-12 gf_col-md-12 gf_col-sm-12 gf_col-xs-12\" data-id=\"1592800075626\"><div id=\"e-1678207347189\" class=\"element-wrap\" data-label=\"Text Block\" data-key=\"text-block\" data-atomgroup=\"element\" data-icon=\"gpicon-textblock\" data-ver=\"1\" data-id=\"1678207347189\"><div class=\"elm text-edit gf-elm-left gf_gs-text-paragraph-1 gf-elm-center-lg gf-elm-center-md gf-elm-center-sm gf-elm-center-xs\" data-gemlang=\"en\" data-exc=\"\"><article class=\"text-token-text-primary w-full focus:outline-none [--shadow-height:45px] has-data-writing-block:pointer-events-none has-data-writing-block:-mt-(--shadow-height) has-data-writing-block:pt-(--shadow-height) [&amp;:has([data-writing-block])&gt;*]:pointer-events-auto [content-visibility:auto] supports-[content-visibility:auto]:[contain-intrinsic-size:auto_100lvh] scroll-mt-[calc(var(--header-height)+min(200px,max(70px,20svh)))]\" dir=\"auto\" tabindex=\"-1\" data-turn-id=\"request-691c8726-ff38-832e-ae58-3f3908a07fe3-64\" data-testid=\"conversation-turn-154\" data-scroll-anchor=\"true\" data-turn=\"assistant\"><div class=\"text-base my-auto mx-auto pb-10 [--thread-content-margin:--spacing(4)] thread-sm:[--thread-content-margin:--spacing(6)] thread-lg:[--thread-content-margin:--spacing(16)] px-(--thread-content-margin)\"><div class=\"[--thread-content-max-width:40rem] thread-lg:[--thread-content-max-width:48rem] mx-auto max-w-(--thread-content-max-width) flex-1 group\/turn-messages focus-visible:outline-hidden relative flex w-full min-w-0 flex-col agent-turn\" tabindex=\"-1\"><div class=\"flex max-w-full flex-col grow\"><div class=\"min-h-8 text-message relative flex w-full flex-col items-end gap-2 text-start break-words whitespace-normal [.text-message+&amp;]:mt-1\" dir=\"auto\" data-message-author-role=\"assistant\" data-message-id=\"92d30b62-d9f1-4f8d-a128-ee61eb980105\" data-message-model-slug=\"gpt-5-mini\"><div class=\"flex w-full flex-col gap-1 empty:hidden first:pt-[1px]\"><div class=\"markdown prose dark:prose-invert w-full break-words light markdown-new-styling\"><p data-start=\"29\" data-end=\"123\">Her ki\u015finin stres profili benzersizdir ve stres, her bireyde farkl\u0131 \u015fekillerde ortaya \u00e7\u0131kar.<\/p><p data-start=\"127\" data-end=\"262\">\u0130\u015fleri bitirmek uzun s\u00fcr\u00fcyorsa, da\u011f\u0131n\u0131k olabilir ve kolayca bunalm\u0131\u015f hissedebilirsiniz; bu da elinizdeki i\u015fe odaklanmay\u0131 zorla\u015ft\u0131r\u0131r.<\/p><p data-start=\"265\" data-end=\"425\">Stresliyken at\u0131\u015ft\u0131rma iste\u011fiyle ba\u015f edemiyorsan\u0131z, bir \u201ccraver\u201d olabilirsiniz ve yo\u011fun stres alt\u0131nda ba\u011f\u0131ml\u0131l\u0131k davran\u0131\u015flar\u0131yla m\u00fccadele ediyor olabilirsiniz.<\/p><p data-start=\"428\" data-end=\"544\">Gece uyumakta zorlan\u0131yorsan\u0131z, belki de v\u00fccudunuz fazla stres nedeniyle g\u00fcnd\u00fcz yorgun, geceleri uyan\u0131k hissediyor.<\/p><p data-start=\"546\" data-end=\"618\" data-is-last-node=\"\" data-is-only-node=\"\">Ki\u015fiselle\u015ftirilmi\u015f Stres Profilinizi \u00f6\u011frenmek i\u00e7in testi \u00e7\u00f6zebilirsiniz!<\/p><\/div><\/div><\/div><\/div><div class=\"z-0 flex min-h-[46px] justify-start\">\u00a0<\/div><\/div><\/div><\/article><\/div><\/div><\/div><\/div>\t\t\t\t\t\t\t\t<\/div>\n\t\t\t\t\t<\/div>\n\t\t\t\t<\/div>\n\t\t<div class=\"elementor-element elementor-element-f152b05 e-flex e-con-boxed e-con e-parent\" data-id=\"f152b05\" data-element_type=\"container\">\n\t\t\t\t\t<div class=\"e-con-inner\">\n\t\t\t\t<div class=\"elementor-element elementor-element-08be0f6 elementor-widget elementor-widget-html\" data-id=\"08be0f6\" data-element_type=\"widget\" data-widget_type=\"html.default\">\n\t\t\t\t\t<div class=\"rh-widget rh-inline\" data-url=\"https:\/\/admin.revenuehunt.com\/public\/quiz\/YDHQZY5\" style=\"margin: 10px auto; width: 100%; height: 600px; display: flex;\"><\/div>\t\t\t\t<\/div>\n\t\t\t\t\t<\/div>\n\t\t\t\t<\/div>\n\t\t\t\t<\/div>\n\t\t","protected":false},"excerpt":{"rendered":"<p>Ki\u015fisel Stres Profili Her ki\u015finin stres profili benzersizdir ve stres, her bireyde farkl\u0131 \u015fekillerde ortaya \u00e7\u0131kar. \u0130\u015fleri bitirmek uzun s\u00fcr\u00fcyorsa, da\u011f\u0131n\u0131k olabilir ve kolayca bunalm\u0131\u015f hissedebilirsiniz; bu da elinizdeki i\u015fe odaklanmay\u0131 zorla\u015ft\u0131r\u0131r. Stresliyken at\u0131\u015ft\u0131rma iste\u011fiyle ba\u015f edemiyorsan\u0131z, bir \u201ccraver\u201d olabilirsiniz ve yo\u011fun stres alt\u0131nda ba\u011f\u0131ml\u0131l\u0131k davran\u0131\u015flar\u0131yla m\u00fccadele ediyor olabilirsiniz. Gece uyumakta zorlan\u0131yorsan\u0131z, belki de v\u00fccudunuz [&hellip;]<\/p>\n","protected":false},"author":1,"featured_media":0,"parent":0,"menu_order":0,"comment_status":"closed","ping_status":"closed","template":"elementor_header_footer","meta":{"footnotes":""},"class_list":["post-1528","page","type-page","status-publish","hentry"],"blocksy_meta":[],"_links":{"self":[{"href":"https:\/\/touchpointgcc.com\/tr\/wp-json\/wp\/v2\/pages\/1528","targetHints":{"allow":["GET"]}}],"collection":[{"href":"https:\/\/touchpointgcc.com\/tr\/wp-json\/wp\/v2\/pages"}],"about":[{"href":"https:\/\/touchpointgcc.com\/tr\/wp-json\/wp\/v2\/types\/page"}],"author":[{"embeddable":true,"href":"https:\/\/touchpointgcc.com\/tr\/wp-json\/wp\/v2\/users\/1"}],"replies":[{"embeddable":true,"href":"https:\/\/touchpointgcc.com\/tr\/wp-json\/wp\/v2\/comments?post=1528"}],"version-history":[{"count":0,"href":"https:\/\/touchpointgcc.com\/tr\/wp-json\/wp\/v2\/pages\/1528\/revisions"}],"wp:attachment":[{"href":"https:\/\/touchpointgcc.com\/tr\/wp-json\/wp\/v2\/media?parent=1528"}],"curies":[{"name":"wp","href":"https:\/\/api.w.org\/{rel}","templated":true}]}}